{"id":5445,"date":"2024-12-31T20:09:53","date_gmt":"2024-12-31T20:09:53","guid":{"rendered":"https:\/\/storetest.ivi.ee\/product\/silicone-mold-owl\/"},"modified":"2025-12-05T13:41:24","modified_gmt":"2025-12-05T11:41:24","slug":"silikona-pelejuma-puce","status":"publish","type":"product","link":"https:\/\/candeebaar.ee\/lv\/veikals\/silikona-pelejuma-puce\/","title":{"rendered":"Silikona pel\u0113juma p\u016bce"},"content":{"rendered":"<p>Silikona veidne formu veido\u0161anai no \u0161okol\u0101des, fondanta u.c.<br \/>\nLieto\u0161anas temperat\u016bra: -40\u00b0 l\u012bdz 230\u00b0C<br \/>\nMateri\u0101ls: p\u0101rtikas silikons<br \/>\nIzm\u0113rs: 55x50mm<\/p>","protected":false},"excerpt":{"rendered":"<p>Silikona veidne formu veido\u0161anai no \u0161okol\u0101des, fondanta uc Lieto\u0161anas temperat\u016bra: -40\u00b0 l\u012bdz 230\u00b0C Materi\u0101ls: p\u0101rtikas silikons Izm\u0113rs: 55x50mm<\/p>","protected":false},"featured_media":5447,"template":"","meta":{"_seopress_robots_primary_cat":"","_seopress_titles_title":"","_seopress_titles_desc":"","_seopress_robots_index":""},"product_brand":[],"product_cat":[15,82,125],"product_tag":[],"class_list":{"0":"post-5445","1":"product","2":"type-product","3":"status-publish","4":"has-post-thumbnail","6":"product_cat-all-products","7":"product_cat-chocolate-molds","8":"product_cat-nature","10":"first","11":"instock","12":"taxable","13":"shipping-taxable","14":"purchasable","15":"product-type-simple"},"_links":{"self":[{"href":"https:\/\/candeebaar.ee\/lv\/wp-json\/wp\/v2\/product\/5445","targetHints":{"allow":["GET"]}}],"collection":[{"href":"https:\/\/candeebaar.ee\/lv\/wp-json\/wp\/v2\/product"}],"about":[{"href":"https:\/\/candeebaar.ee\/lv\/wp-json\/wp\/v2\/types\/product"}],"version-history":[{"count":1,"href":"https:\/\/candeebaar.ee\/lv\/wp-json\/wp\/v2\/product\/5445\/revisions"}],"predecessor-version":[{"id":5446,"href":"https:\/\/candeebaar.ee\/lv\/wp-json\/wp\/v2\/product\/5445\/revisions\/5446"}],"wp:featuredmedia":[{"embeddable":true,"href":"https:\/\/candeebaar.ee\/lv\/wp-json\/wp\/v2\/media\/5447"}],"wp:attachment":[{"href":"https:\/\/candeebaar.ee\/lv\/wp-json\/wp\/v2\/media?parent=5445"}],"wp:term":[{"taxonomy":"product_brand","embeddable":true,"href":"https:\/\/candeebaar.ee\/lv\/wp-json\/wp\/v2\/product_brand?post=5445"},{"taxonomy":"product_cat","embeddable":true,"href":"https:\/\/candeebaar.ee\/lv\/wp-json\/wp\/v2\/product_cat?post=5445"},{"taxonomy":"product_tag","embeddable":true,"href":"https:\/\/candeebaar.ee\/lv\/wp-json\/wp\/v2\/product_tag?post=5445"}],"curies":[{"name":"wp","href":"https:\/\/api.w.org\/{rel}","templated":true}]}}