{"id":5458,"date":"2024-12-31T20:09:53","date_gmt":"2024-12-31T20:09:53","guid":{"rendered":"https:\/\/storetest.ivi.ee\/product\/cacao-mill-white-chocolate-29-7-400g\/"},"modified":"2025-01-02T09:14:28","modified_gmt":"2025-01-02T09:14:28","slug":"kakao-dzirnavu-balta-sokolade-29-7-400-g","status":"publish","type":"product","link":"https:\/\/candeebaar.ee\/lv\/veikals\/kakao-dzirnavu-balta-sokolade-29-7-400-g\/","title":{"rendered":"Cacao Mill balt\u0101 \u0161okol\u0101de (29.7%) 400g"},"content":{"rendered":"<p>Balt\u0101 \u0161okol\u0101de ar maigu kr\u0113m\u012bgu gar\u0161u.<br \/>\nPl\u016bstsp\u0113ja: 3\/5<br \/>\nMasa: 400g<br \/>\nSast\u0101vs uz 100 g:<br \/>\nEner\u0123ija: 569,4 kcal\/2375,2 kJ<br \/>\nTauki: 35,8 g<br \/>\nOg\u013chidr\u0101ti (cukurs): 55,2g<br \/>\nOlbaltumvielas: 6,6 g<br \/>\nKakao saturs: 29.7%<br \/>\nSast\u0101vs: kakao sviests, cukurs, v\u0101jpiens <strong>pienu<\/strong>, E322 (lecit\u012bns <strong>sojas<\/strong>), vanil\u012bns.<\/p>\n<p>Ra\u017eot\u0101js: Natra Cacao, Sp\u0101nija<br \/>\nUzglab\u0101\u0161anas temperat\u016bra: <strong>18 <\/strong>\u00b0<strong>C<br \/>\n<\/strong>Var satur\u0113t p\u0113das <strong>piens, laktoze, soja un rieksti.<br \/>\n<\/strong><\/p>","protected":false},"excerpt":{"rendered":"<p>White chocolate with a delicate creamy flavor. Flowability: 3\/5 Mass: 400g Content per 100g: Energy: 569.4 kcal\/2375.2 kJ Fats: 35.8g Carbohydrates (sugar): 55.2g Proteins: 6.6g Cocoa content: 29.7% Composition: cocoa butter, sugar, skimmed milk, E322 (lecithin soy), vanillin. Manufacturer: Natra Cacao, Spain Storage temperature: 18 \u00b0C May contain traces of milk, lactose, soy, and nuts.<\/p>","protected":false},"featured_media":5460,"template":"","meta":{"_seopress_robots_primary_cat":"","_seopress_titles_title":"","_seopress_titles_desc":"","_seopress_robots_index":""},"product_brand":[],"product_cat":[15,111],"product_tag":[],"class_list":{"0":"post-5458","1":"product","2":"type-product","3":"status-publish","4":"has-post-thumbnail","6":"product_cat-all-products","7":"product_cat-cacao-mill","9":"first","10":"outofstock","11":"taxable","12":"shipping-taxable","13":"purchasable","14":"product-type-simple"},"_links":{"self":[{"href":"https:\/\/candeebaar.ee\/lv\/wp-json\/wp\/v2\/product\/5458","targetHints":{"allow":["GET"]}}],"collection":[{"href":"https:\/\/candeebaar.ee\/lv\/wp-json\/wp\/v2\/product"}],"about":[{"href":"https:\/\/candeebaar.ee\/lv\/wp-json\/wp\/v2\/types\/product"}],"version-history":[{"count":1,"href":"https:\/\/candeebaar.ee\/lv\/wp-json\/wp\/v2\/product\/5458\/revisions"}],"predecessor-version":[{"id":5459,"href":"https:\/\/candeebaar.ee\/lv\/wp-json\/wp\/v2\/product\/5458\/revisions\/5459"}],"wp:featuredmedia":[{"embeddable":true,"href":"https:\/\/candeebaar.ee\/lv\/wp-json\/wp\/v2\/media\/5460"}],"wp:attachment":[{"href":"https:\/\/candeebaar.ee\/lv\/wp-json\/wp\/v2\/media?parent=5458"}],"wp:term":[{"taxonomy":"product_brand","embeddable":true,"href":"https:\/\/candeebaar.ee\/lv\/wp-json\/wp\/v2\/product_brand?post=5458"},{"taxonomy":"product_cat","embeddable":true,"href":"https:\/\/candeebaar.ee\/lv\/wp-json\/wp\/v2\/product_cat?post=5458"},{"taxonomy":"product_tag","embeddable":true,"href":"https:\/\/candeebaar.ee\/lv\/wp-json\/wp\/v2\/product_tag?post=5458"}],"curies":[{"name":"wp","href":"https:\/\/api.w.org\/{rel}","templated":true}]}}