{"id":5477,"date":"2024-12-31T20:09:53","date_gmt":"2024-12-31T20:09:53","guid":{"rendered":"https:\/\/storetest.ivi.ee\/product\/topper-happy-birthday-pink\/"},"modified":"2025-01-02T15:22:56","modified_gmt":"2025-01-02T15:22:56","slug":"topper-daudz-laimes-dzimsanas-diena-roza","status":"publish","type":"product","link":"https:\/\/candeebaar.ee\/lv\/veikals\/topper-daudz-laimes-dzimsanas-diena-roza\/","title":{"rendered":"Tops \u201cDaudz laimes dzim\u0161anas dien\u0101\u201d Roz\u0101"},"content":{"rendered":"<p>Plastmasas virsk\u0101rta desertu, pu\u0161\u0137u u.c. dekor\u0113\u0161anai.<br \/>\nKr\u0101sa: roz\u0101<\/p>","protected":false},"excerpt":{"rendered":"<p>Plastmasas p\u0101rkl\u0101jums desertu, pu\u0161\u0137u uc dekor\u0113\u0161anai. Kr\u0101sa: roz\u0101<\/p>","protected":false},"featured_media":5479,"template":"","meta":{"_seopress_robots_primary_cat":"","_seopress_titles_title":"","_seopress_titles_desc":"","_seopress_robots_index":""},"product_brand":[],"product_cat":[15,159],"product_tag":[],"class_list":{"0":"post-5477","1":"product","2":"type-product","3":"status-publish","4":"has-post-thumbnail","6":"product_cat-all-products","7":"product_cat-pink","9":"first","10":"instock","11":"taxable","12":"shipping-taxable","13":"purchasable","14":"product-type-simple"},"_links":{"self":[{"href":"https:\/\/candeebaar.ee\/lv\/wp-json\/wp\/v2\/product\/5477","targetHints":{"allow":["GET"]}}],"collection":[{"href":"https:\/\/candeebaar.ee\/lv\/wp-json\/wp\/v2\/product"}],"about":[{"href":"https:\/\/candeebaar.ee\/lv\/wp-json\/wp\/v2\/types\/product"}],"version-history":[{"count":1,"href":"https:\/\/candeebaar.ee\/lv\/wp-json\/wp\/v2\/product\/5477\/revisions"}],"predecessor-version":[{"id":5478,"href":"https:\/\/candeebaar.ee\/lv\/wp-json\/wp\/v2\/product\/5477\/revisions\/5478"}],"wp:featuredmedia":[{"embeddable":true,"href":"https:\/\/candeebaar.ee\/lv\/wp-json\/wp\/v2\/media\/5479"}],"wp:attachment":[{"href":"https:\/\/candeebaar.ee\/lv\/wp-json\/wp\/v2\/media?parent=5477"}],"wp:term":[{"taxonomy":"product_brand","embeddable":true,"href":"https:\/\/candeebaar.ee\/lv\/wp-json\/wp\/v2\/product_brand?post=5477"},{"taxonomy":"product_cat","embeddable":true,"href":"https:\/\/candeebaar.ee\/lv\/wp-json\/wp\/v2\/product_cat?post=5477"},{"taxonomy":"product_tag","embeddable":true,"href":"https:\/\/candeebaar.ee\/lv\/wp-json\/wp\/v2\/product_tag?post=5477"}],"curies":[{"name":"wp","href":"https:\/\/api.w.org\/{rel}","templated":true}]}}