{"id":5483,"date":"2024-12-31T20:09:53","date_gmt":"2024-12-31T20:09:53","guid":{"rendered":"https:\/\/storetest.ivi.ee\/product\/wedding-topper-gold-rings-12cm\/"},"modified":"2026-04-14T11:45:35","modified_gmt":"2026-04-14T09:45:35","slug":"kazu-topper-zelta-gredzeni-12cm","status":"publish","type":"product","link":"https:\/\/candeebaar.ee\/lv\/veikals\/kazu-topper-zelta-gredzeni-12cm\/","title":{"rendered":"K\u0101zu topper zelta gredzeni 12cm"},"content":{"rendered":"<p>Plastmasas virsk\u0101rta k\u0101zu k\u016bku dekor\u0113\u0161anai.<br \/>\nIzm\u0113rs bez k\u0101j\u0101m platums*: 13,5*12 cm<br \/>\nKr\u0101sa: zelta<\/p>","protected":false},"excerpt":{"rendered":"<p>Plastmasas virsk\u0101rta k\u0101zu k\u016bku dekor\u0113\u0161anai. Izm\u0113rs bez k\u0101j\u0101m platums: 13,5*12 cm Kr\u0101sa: zelts<\/p>","protected":false},"featured_media":5485,"template":"","meta":{"_seopress_robots_primary_cat":"","_seopress_titles_title":"","_seopress_titles_desc":"","_seopress_robots_index":""},"product_brand":[],"product_cat":[180,15,157],"product_tag":[],"class_list":{"0":"post-5483","1":"product","2":"type-product","3":"status-publish","4":"has-post-thumbnail","6":"product_cat-wedding-products","7":"product_cat-all-products","8":"product_cat-gold","10":"first","11":"instock","12":"taxable","13":"shipping-taxable","14":"purchasable","15":"product-type-simple"},"_links":{"self":[{"href":"https:\/\/candeebaar.ee\/lv\/wp-json\/wp\/v2\/product\/5483","targetHints":{"allow":["GET"]}}],"collection":[{"href":"https:\/\/candeebaar.ee\/lv\/wp-json\/wp\/v2\/product"}],"about":[{"href":"https:\/\/candeebaar.ee\/lv\/wp-json\/wp\/v2\/types\/product"}],"version-history":[{"count":1,"href":"https:\/\/candeebaar.ee\/lv\/wp-json\/wp\/v2\/product\/5483\/revisions"}],"predecessor-version":[{"id":5484,"href":"https:\/\/candeebaar.ee\/lv\/wp-json\/wp\/v2\/product\/5483\/revisions\/5484"}],"wp:featuredmedia":[{"embeddable":true,"href":"https:\/\/candeebaar.ee\/lv\/wp-json\/wp\/v2\/media\/5485"}],"wp:attachment":[{"href":"https:\/\/candeebaar.ee\/lv\/wp-json\/wp\/v2\/media?parent=5483"}],"wp:term":[{"taxonomy":"product_brand","embeddable":true,"href":"https:\/\/candeebaar.ee\/lv\/wp-json\/wp\/v2\/product_brand?post=5483"},{"taxonomy":"product_cat","embeddable":true,"href":"https:\/\/candeebaar.ee\/lv\/wp-json\/wp\/v2\/product_cat?post=5483"},{"taxonomy":"product_tag","embeddable":true,"href":"https:\/\/candeebaar.ee\/lv\/wp-json\/wp\/v2\/product_tag?post=5483"}],"curies":[{"name":"wp","href":"https:\/\/api.w.org\/{rel}","templated":true}]}}