{"id":5486,"date":"2024-12-31T20:09:53","date_gmt":"2024-12-31T20:09:53","guid":{"rendered":"https:\/\/storetest.ivi.ee\/product\/tulip-for-cupcakes-white-50pcs\/"},"modified":"2026-04-13T14:49:31","modified_gmt":"2026-04-13T12:49:31","slug":"tulpe-keksiem-balta-50gab","status":"publish","type":"product","link":"https:\/\/candeebaar.ee\/lv\/veikals\/tulpe-keksiem-balta-50gab\/","title":{"rendered":"Tulpe k\u0113ksiem Balta 50gab"},"content":{"rendered":"<p>Pap\u012bra tulpe tiek izmantota skaistai desertu noform\u0113\u0161anai.<br \/>\nIzm\u0113rs: 50x80mm<br \/>\nMateri\u0101ls: pap\u012brs<br \/>\nIek\u013cauts: 50gab (+-2gab)<br \/>\nKr\u0101sa: balta<\/p>","protected":false},"excerpt":{"rendered":"<p>Pap\u012bra tulpe tiek izmantota skaistai desertu noform\u0113\u0161anai. Izm\u0113rs: 50x80mm Materi\u0101ls: pap\u012brs Iek\u013cauts: 50gab(+-2gab) Kr\u0101sa: balta<\/p>","protected":false},"featured_media":5488,"template":"","meta":{"_seopress_robots_primary_cat":"none","_seopress_titles_title":"","_seopress_titles_desc":"","_seopress_robots_index":""},"product_brand":[],"product_cat":[15,90],"product_tag":[],"class_list":{"0":"post-5486","1":"product","2":"type-product","3":"status-publish","4":"has-post-thumbnail","6":"product_cat-all-products","7":"product_cat-paper-cups-and-tulips","9":"first","10":"instock","11":"taxable","12":"shipping-taxable","13":"purchasable","14":"product-type-simple"},"_links":{"self":[{"href":"https:\/\/candeebaar.ee\/lv\/wp-json\/wp\/v2\/product\/5486","targetHints":{"allow":["GET"]}}],"collection":[{"href":"https:\/\/candeebaar.ee\/lv\/wp-json\/wp\/v2\/product"}],"about":[{"href":"https:\/\/candeebaar.ee\/lv\/wp-json\/wp\/v2\/types\/product"}],"version-history":[{"count":1,"href":"https:\/\/candeebaar.ee\/lv\/wp-json\/wp\/v2\/product\/5486\/revisions"}],"predecessor-version":[{"id":5487,"href":"https:\/\/candeebaar.ee\/lv\/wp-json\/wp\/v2\/product\/5486\/revisions\/5487"}],"wp:featuredmedia":[{"embeddable":true,"href":"https:\/\/candeebaar.ee\/lv\/wp-json\/wp\/v2\/media\/5488"}],"wp:attachment":[{"href":"https:\/\/candeebaar.ee\/lv\/wp-json\/wp\/v2\/media?parent=5486"}],"wp:term":[{"taxonomy":"product_brand","embeddable":true,"href":"https:\/\/candeebaar.ee\/lv\/wp-json\/wp\/v2\/product_brand?post=5486"},{"taxonomy":"product_cat","embeddable":true,"href":"https:\/\/candeebaar.ee\/lv\/wp-json\/wp\/v2\/product_cat?post=5486"},{"taxonomy":"product_tag","embeddable":true,"href":"https:\/\/candeebaar.ee\/lv\/wp-json\/wp\/v2\/product_tag?post=5486"}],"curies":[{"name":"wp","href":"https:\/\/api.w.org\/{rel}","templated":true}]}}