{"id":5489,"date":"2024-12-31T20:09:53","date_gmt":"2024-12-31T20:09:53","guid":{"rendered":"https:\/\/storetest.ivi.ee\/product\/cupcake-tulip-brown-gold-45pcs\/"},"modified":"2026-02-18T17:01:36","modified_gmt":"2026-02-18T15:01:36","slug":"keksinu-tulpju-bruna-zelta-45-gab","status":"publish","type":"product","link":"https:\/\/candeebaar.ee\/lv\/veikals\/keksinu-tulpju-bruna-zelta-45-gab\/","title":{"rendered":"K\u0113ksi\u0146u tulpe br\u016bna\/zelta 45 gab."},"content":{"rendered":"<p>Pap\u012bra tulpe tiek izmantota skaistai desertu noform\u0113\u0161anai.<br \/>\nIzm\u0113rs: 50x80mm<br \/>\nMateri\u0101ls: pap\u012brs<br \/>\nIek\u013cauts: 45 gab. (+- 2 gab.)<br \/>\nKr\u0101sa: br\u016bna\/zelta<\/p>","protected":false},"excerpt":{"rendered":"<p>Pap\u012bra tulpe tiek izmantota desertu skaistai prezent\u0101cijai. Izm\u0113rs: 50x80mm Materi\u0101ls: pap\u012brs Komplekt\u0101: 45 gab. (+-2 gab.) Kr\u0101sa: br\u016bna\/zelta<\/p>","protected":false},"featured_media":5491,"template":"","meta":{"_seopress_robots_primary_cat":"","_seopress_titles_title":"","_seopress_titles_desc":"","_seopress_robots_index":""},"product_brand":[],"product_cat":[15,90],"product_tag":[],"class_list":{"0":"post-5489","1":"product","2":"type-product","3":"status-publish","4":"has-post-thumbnail","6":"product_cat-all-products","7":"product_cat-paper-cups-and-tulips","9":"first","10":"outofstock","11":"taxable","12":"shipping-taxable","13":"purchasable","14":"product-type-simple"},"_links":{"self":[{"href":"https:\/\/candeebaar.ee\/lv\/wp-json\/wp\/v2\/product\/5489","targetHints":{"allow":["GET"]}}],"collection":[{"href":"https:\/\/candeebaar.ee\/lv\/wp-json\/wp\/v2\/product"}],"about":[{"href":"https:\/\/candeebaar.ee\/lv\/wp-json\/wp\/v2\/types\/product"}],"version-history":[{"count":1,"href":"https:\/\/candeebaar.ee\/lv\/wp-json\/wp\/v2\/product\/5489\/revisions"}],"predecessor-version":[{"id":5490,"href":"https:\/\/candeebaar.ee\/lv\/wp-json\/wp\/v2\/product\/5489\/revisions\/5490"}],"wp:featuredmedia":[{"embeddable":true,"href":"https:\/\/candeebaar.ee\/lv\/wp-json\/wp\/v2\/media\/5491"}],"wp:attachment":[{"href":"https:\/\/candeebaar.ee\/lv\/wp-json\/wp\/v2\/media?parent=5489"}],"wp:term":[{"taxonomy":"product_brand","embeddable":true,"href":"https:\/\/candeebaar.ee\/lv\/wp-json\/wp\/v2\/product_brand?post=5489"},{"taxonomy":"product_cat","embeddable":true,"href":"https:\/\/candeebaar.ee\/lv\/wp-json\/wp\/v2\/product_cat?post=5489"},{"taxonomy":"product_tag","embeddable":true,"href":"https:\/\/candeebaar.ee\/lv\/wp-json\/wp\/v2\/product_tag?post=5489"}],"curies":[{"name":"wp","href":"https:\/\/api.w.org\/{rel}","templated":true}]}}