{"id":5495,"date":"2024-12-31T20:10:05","date_gmt":"2024-12-31T20:10:05","guid":{"rendered":"https:\/\/storetest.ivi.ee\/product\/cupcake-tulip-orange-45pcs\/"},"modified":"2026-03-22T20:35:27","modified_gmt":"2026-03-22T18:35:27","slug":"cupcake-tulpju-apelsins-45gab","status":"publish","type":"product","link":"https:\/\/candeebaar.ee\/lv\/veikals\/cupcake-tulpju-apelsins-45gab\/","title":{"rendered":"Cupcake Tulip Orange 45gab"},"content":{"rendered":"<p>Pap\u012bra tulpe tiek izmantota skaistai desertu noform\u0113\u0161anai.<br \/>\nIzm\u0113rs: 50x80mm<br \/>\nMateri\u0101ls: pap\u012brs<br \/>\nIetver 45gab (+-2gab)<br \/>\nKr\u0101sa: oran\u017ea ar baltiem punktiem<\/p>","protected":false},"excerpt":{"rendered":"<p>Pap\u012bra tulpe tiek izmantota skaistai desertu noform\u0113\u0161anai. Izm\u0113rs: 50x80mm Materi\u0101ls: pap\u012brs Ietver 45gab(+-2gab) Kr\u0101sa: oran\u017ea ar baltiem punktiem<\/p>","protected":false},"featured_media":5497,"template":"","meta":{"_seopress_robots_primary_cat":"","_seopress_titles_title":"","_seopress_titles_desc":"","_seopress_robots_index":""},"product_brand":[],"product_cat":[15],"product_tag":[],"class_list":{"0":"post-5495","1":"product","2":"type-product","3":"status-publish","4":"has-post-thumbnail","6":"product_cat-all-products","8":"first","9":"instock","10":"taxable","11":"shipping-taxable","12":"purchasable","13":"product-type-simple"},"_links":{"self":[{"href":"https:\/\/candeebaar.ee\/lv\/wp-json\/wp\/v2\/product\/5495","targetHints":{"allow":["GET"]}}],"collection":[{"href":"https:\/\/candeebaar.ee\/lv\/wp-json\/wp\/v2\/product"}],"about":[{"href":"https:\/\/candeebaar.ee\/lv\/wp-json\/wp\/v2\/types\/product"}],"version-history":[{"count":1,"href":"https:\/\/candeebaar.ee\/lv\/wp-json\/wp\/v2\/product\/5495\/revisions"}],"predecessor-version":[{"id":5496,"href":"https:\/\/candeebaar.ee\/lv\/wp-json\/wp\/v2\/product\/5495\/revisions\/5496"}],"wp:featuredmedia":[{"embeddable":true,"href":"https:\/\/candeebaar.ee\/lv\/wp-json\/wp\/v2\/media\/5497"}],"wp:attachment":[{"href":"https:\/\/candeebaar.ee\/lv\/wp-json\/wp\/v2\/media?parent=5495"}],"wp:term":[{"taxonomy":"product_brand","embeddable":true,"href":"https:\/\/candeebaar.ee\/lv\/wp-json\/wp\/v2\/product_brand?post=5495"},{"taxonomy":"product_cat","embeddable":true,"href":"https:\/\/candeebaar.ee\/lv\/wp-json\/wp\/v2\/product_cat?post=5495"},{"taxonomy":"product_tag","embeddable":true,"href":"https:\/\/candeebaar.ee\/lv\/wp-json\/wp\/v2\/product_tag?post=5495"}],"curies":[{"name":"wp","href":"https:\/\/api.w.org\/{rel}","templated":true}]}}