{"id":5501,"date":"2024-12-31T20:10:05","date_gmt":"2024-12-31T20:10:05","guid":{"rendered":"https:\/\/storetest.ivi.ee\/product\/cupcake-tulip-yellow-45pcs\/"},"modified":"2025-11-24T15:16:35","modified_gmt":"2025-11-24T13:16:35","slug":"keksini-tulpju-dzeltena-krasa-45-gab","status":"publish","type":"product","link":"https:\/\/candeebaar.ee\/lv\/veikals\/keksini-tulpju-dzeltena-krasa-45-gab\/","title":{"rendered":"Cupcake Tulip Yellow 45gab"},"content":{"rendered":"<p>Pap\u012bra tulpe tiek izmantota skaistai desertu noform\u0113\u0161anai.<br \/>\nIzm\u0113rs: 50x80mm<br \/>\nMateri\u0101ls: pap\u012brs<br \/>\nIetver 45gab (+-2gab)<br \/>\nKr\u0101sa: dzeltena ar baltiem punktiem<\/p>","protected":false},"excerpt":{"rendered":"<p>Pap\u012bra tulpe tiek izmantota skaistai desertu noform\u0113\u0161anai. Izm\u0113rs: 50x80mm Materi\u0101ls: pap\u012brs Ietver 45gab(+-2gab) Kr\u0101sa: dzeltena ar baltiem punktiem<\/p>","protected":false},"featured_media":5500,"template":"","meta":{"_seopress_robots_primary_cat":"","_seopress_titles_title":"","_seopress_titles_desc":"","_seopress_robots_index":""},"product_brand":[],"product_cat":[15,90],"product_tag":[],"class_list":{"0":"post-5501","1":"product","2":"type-product","3":"status-publish","4":"has-post-thumbnail","6":"product_cat-all-products","7":"product_cat-paper-cups-and-tulips","9":"first","10":"outofstock","11":"taxable","12":"shipping-taxable","13":"purchasable","14":"product-type-simple"},"_links":{"self":[{"href":"https:\/\/candeebaar.ee\/lv\/wp-json\/wp\/v2\/product\/5501","targetHints":{"allow":["GET"]}}],"collection":[{"href":"https:\/\/candeebaar.ee\/lv\/wp-json\/wp\/v2\/product"}],"about":[{"href":"https:\/\/candeebaar.ee\/lv\/wp-json\/wp\/v2\/types\/product"}],"version-history":[{"count":1,"href":"https:\/\/candeebaar.ee\/lv\/wp-json\/wp\/v2\/product\/5501\/revisions"}],"predecessor-version":[{"id":5502,"href":"https:\/\/candeebaar.ee\/lv\/wp-json\/wp\/v2\/product\/5501\/revisions\/5502"}],"wp:featuredmedia":[{"embeddable":true,"href":"https:\/\/candeebaar.ee\/lv\/wp-json\/wp\/v2\/media\/5500"}],"wp:attachment":[{"href":"https:\/\/candeebaar.ee\/lv\/wp-json\/wp\/v2\/media?parent=5501"}],"wp:term":[{"taxonomy":"product_brand","embeddable":true,"href":"https:\/\/candeebaar.ee\/lv\/wp-json\/wp\/v2\/product_brand?post=5501"},{"taxonomy":"product_cat","embeddable":true,"href":"https:\/\/candeebaar.ee\/lv\/wp-json\/wp\/v2\/product_cat?post=5501"},{"taxonomy":"product_tag","embeddable":true,"href":"https:\/\/candeebaar.ee\/lv\/wp-json\/wp\/v2\/product_tag?post=5501"}],"curies":[{"name":"wp","href":"https:\/\/api.w.org\/{rel}","templated":true}]}}