{"id":5510,"date":"2024-12-31T20:10:05","date_gmt":"2024-12-31T20:10:05","guid":{"rendered":"https:\/\/storetest.ivi.ee\/product\/freeze-spray-food-colours-400ml\/"},"modified":"2026-03-28T21:25:18","modified_gmt":"2026-03-28T19:25:18","slug":"saldejamas-partikas-krasvielas-aerosols-400-ml","status":"publish","type":"product","link":"https:\/\/candeebaar.ee\/lv\/veikals\/saldejamas-partikas-krasvielas-aerosols-400-ml\/","title":{"rendered":"Sald\u0113\u0161anas aerosols p\u0101rtikas kr\u0101sviel\u0101m 400ml"},"content":{"rendered":"<p>Aerosola l\u012bdzeklis glaz\u016bras, marcip\u0101na, \u0161okol\u0101des, kr\u0113mu sald\u0113\u0161anai.<br \/>\n\u013bauj \u0101tri piel\u012bm\u0113t dekorat\u012bvos elementus.<br \/>\nTilpums: 400 ml<br \/>\nPielietojums:<br \/>\nIzsmidziniet no 15-20 cm att\u0101luma, \u013caujiet no\u017e\u016bt.<br \/>\nUzglab\u0101\u0161ana:<br \/>\nSpiediena trauk\u0101 uzglab\u0101t tum\u0161\u0101, v\u0113s\u0101 viet\u0101, b\u0113rniem nepieejam\u0101 viet\u0101.<br \/>\nSast\u0101vs:<br \/>\nE943a, E944, E943b<br \/>\nRa\u017eot\u0101js: Food Colours, Polija<\/p>","protected":false},"excerpt":{"rendered":"<p>Aerosols glaz\u016bras, marcip\u0101na, \u0161okol\u0101des, kr\u0113mu sald\u0113\u0161anai. \u013bauj \u0101tri piel\u012bm\u0113t dekorat\u012bvos elementus. Tilpums: 400 ml Lieto\u0161ana: Izsmidziniet no 15-20 cm att\u0101luma, \u013caujiet no\u017e\u016bt. Uzglab\u0101\u0161ana: Trauk\u0101 zem spiediena, uzglab\u0101t tum\u0161\u0101, v\u0113s\u0101 viet\u0101, b\u0113rniem nepieejam\u0101 viet\u0101. Sast\u0101vs: E943a, E944, E943b Ra\u017eot\u0101js: Food Colors, Polija<\/p>","protected":false},"featured_media":5512,"template":"","meta":{"_seopress_robots_primary_cat":"","_seopress_titles_title":"","_seopress_titles_desc":"","_seopress_robots_index":""},"product_brand":[],"product_cat":[181,180,15,100,82,84],"product_tag":[],"class_list":{"0":"post-5510","1":"product","2":"type-product","3":"status-publish","4":"has-post-thumbnail","6":"product_cat-christmas-new-year","7":"product_cat-wedding-products","8":"product_cat-all-products","9":"product_cat-thickeners","10":"product_cat-chocolate-molds","11":"product_cat-tools","13":"first","14":"instock","15":"taxable","16":"shipping-taxable","17":"purchasable","18":"product-type-simple"},"_links":{"self":[{"href":"https:\/\/candeebaar.ee\/lv\/wp-json\/wp\/v2\/product\/5510","targetHints":{"allow":["GET"]}}],"collection":[{"href":"https:\/\/candeebaar.ee\/lv\/wp-json\/wp\/v2\/product"}],"about":[{"href":"https:\/\/candeebaar.ee\/lv\/wp-json\/wp\/v2\/types\/product"}],"version-history":[{"count":1,"href":"https:\/\/candeebaar.ee\/lv\/wp-json\/wp\/v2\/product\/5510\/revisions"}],"predecessor-version":[{"id":5511,"href":"https:\/\/candeebaar.ee\/lv\/wp-json\/wp\/v2\/product\/5510\/revisions\/5511"}],"wp:featuredmedia":[{"embeddable":true,"href":"https:\/\/candeebaar.ee\/lv\/wp-json\/wp\/v2\/media\/5512"}],"wp:attachment":[{"href":"https:\/\/candeebaar.ee\/lv\/wp-json\/wp\/v2\/media?parent=5510"}],"wp:term":[{"taxonomy":"product_brand","embeddable":true,"href":"https:\/\/candeebaar.ee\/lv\/wp-json\/wp\/v2\/product_brand?post=5510"},{"taxonomy":"product_cat","embeddable":true,"href":"https:\/\/candeebaar.ee\/lv\/wp-json\/wp\/v2\/product_cat?post=5510"},{"taxonomy":"product_tag","embeddable":true,"href":"https:\/\/candeebaar.ee\/lv\/wp-json\/wp\/v2\/product_tag?post=5510"}],"curies":[{"name":"wp","href":"https:\/\/api.w.org\/{rel}","templated":true}]}}