{"id":5518,"date":"2024-12-31T20:10:05","date_gmt":"2024-12-31T20:10:05","guid":{"rendered":"https:\/\/storetest.ivi.ee\/product\/nozzle-7m-star-open\/"},"modified":"2026-04-13T07:56:27","modified_gmt":"2026-04-13T05:56:27","slug":"sprausla-7m-zvaigzne-atverta","status":"publish","type":"product","link":"https:\/\/candeebaar.ee\/lv\/veikals\/sprausla-7m-zvaigzne-atverta\/","title":{"rendered":"Sprausla 7M Star Open"},"content":{"rendered":"<p>Konditorejas uzgalis izgatavots no ner\u016bs\u0113jo\u0161\u0101 t\u0113rauda (7 virsotnes).<br \/>\n Izm\u0113rs: 48x30mm<\/p>","protected":false},"excerpt":{"rendered":"<p>Konditorejas uzgalis izgatavots no ner\u016bs\u0113jo\u0161\u0101 t\u0113rauda (7 virsotnes). Izm\u0113rs: 48x30mm<\/p>","protected":false},"featured_media":5520,"template":"","meta":{"_seopress_robots_primary_cat":"","_seopress_titles_title":"","_seopress_titles_desc":"","_seopress_robots_index":""},"product_brand":[],"product_cat":[15,120],"product_tag":[],"class_list":{"0":"post-5518","1":"product","2":"type-product","3":"status-publish","4":"has-post-thumbnail","6":"product_cat-all-products","7":"product_cat-open-star","9":"first","10":"outofstock","11":"taxable","12":"shipping-taxable","13":"purchasable","14":"product-type-simple"},"_links":{"self":[{"href":"https:\/\/candeebaar.ee\/lv\/wp-json\/wp\/v2\/product\/5518","targetHints":{"allow":["GET"]}}],"collection":[{"href":"https:\/\/candeebaar.ee\/lv\/wp-json\/wp\/v2\/product"}],"about":[{"href":"https:\/\/candeebaar.ee\/lv\/wp-json\/wp\/v2\/types\/product"}],"version-history":[{"count":1,"href":"https:\/\/candeebaar.ee\/lv\/wp-json\/wp\/v2\/product\/5518\/revisions"}],"predecessor-version":[{"id":5519,"href":"https:\/\/candeebaar.ee\/lv\/wp-json\/wp\/v2\/product\/5518\/revisions\/5519"}],"wp:featuredmedia":[{"embeddable":true,"href":"https:\/\/candeebaar.ee\/lv\/wp-json\/wp\/v2\/media\/5520"}],"wp:attachment":[{"href":"https:\/\/candeebaar.ee\/lv\/wp-json\/wp\/v2\/media?parent=5518"}],"wp:term":[{"taxonomy":"product_brand","embeddable":true,"href":"https:\/\/candeebaar.ee\/lv\/wp-json\/wp\/v2\/product_brand?post=5518"},{"taxonomy":"product_cat","embeddable":true,"href":"https:\/\/candeebaar.ee\/lv\/wp-json\/wp\/v2\/product_cat?post=5518"},{"taxonomy":"product_tag","embeddable":true,"href":"https:\/\/candeebaar.ee\/lv\/wp-json\/wp\/v2\/product_tag?post=5518"}],"curies":[{"name":"wp","href":"https:\/\/api.w.org\/{rel}","templated":true}]}}