{"id":5537,"date":"2024-12-31T20:10:05","date_gmt":"2024-12-31T20:10:05","guid":{"rendered":"https:\/\/storetest.ivi.ee\/product\/box-for-desserts-145-205-90mm\/"},"modified":"2026-03-09T21:28:25","modified_gmt":"2026-03-09T19:28:25","slug":"kaste-desertiem-145-205-90mm","status":"publish","type":"product","link":"https:\/\/candeebaar.ee\/lv\/veikals\/kaste-desertiem-145-205-90mm\/","title":{"rendered":"Kast\u012bte desertiem 145 205 90mm"},"content":{"rendered":"<p>Kartona kast\u012bte desertiem (tikai apak\u0161a, var izmantot ar\u012b k\u0101 v\u0101ku).<br \/>\nIzm\u0113rs: 145x205x90mm<br \/>\nMateri\u0101ls: balts kartons<\/p>","protected":false},"excerpt":{"rendered":"<p>Kartona kast\u012bte desertiem (tikai apak\u0161a, var izmantot ar\u012b k\u0101 v\u0101ku). Izm\u0113rs: 145x205x90mm Materi\u0101ls: balts kartons<\/p>","protected":false},"featured_media":5533,"template":"","meta":{"_seopress_robots_primary_cat":"","_seopress_titles_title":"","_seopress_titles_desc":"","_seopress_robots_index":""},"product_brand":[],"product_cat":[15,154],"product_tag":[],"class_list":{"0":"post-5537","1":"product","2":"type-product","3":"status-publish","4":"has-post-thumbnail","6":"product_cat-all-products","7":"product_cat-different-style","9":"first","10":"instock","11":"taxable","12":"shipping-taxable","13":"purchasable","14":"product-type-simple"},"_links":{"self":[{"href":"https:\/\/candeebaar.ee\/lv\/wp-json\/wp\/v2\/product\/5537","targetHints":{"allow":["GET"]}}],"collection":[{"href":"https:\/\/candeebaar.ee\/lv\/wp-json\/wp\/v2\/product"}],"about":[{"href":"https:\/\/candeebaar.ee\/lv\/wp-json\/wp\/v2\/types\/product"}],"version-history":[{"count":1,"href":"https:\/\/candeebaar.ee\/lv\/wp-json\/wp\/v2\/product\/5537\/revisions"}],"predecessor-version":[{"id":5538,"href":"https:\/\/candeebaar.ee\/lv\/wp-json\/wp\/v2\/product\/5537\/revisions\/5538"}],"wp:featuredmedia":[{"embeddable":true,"href":"https:\/\/candeebaar.ee\/lv\/wp-json\/wp\/v2\/media\/5533"}],"wp:attachment":[{"href":"https:\/\/candeebaar.ee\/lv\/wp-json\/wp\/v2\/media?parent=5537"}],"wp:term":[{"taxonomy":"product_brand","embeddable":true,"href":"https:\/\/candeebaar.ee\/lv\/wp-json\/wp\/v2\/product_brand?post=5537"},{"taxonomy":"product_cat","embeddable":true,"href":"https:\/\/candeebaar.ee\/lv\/wp-json\/wp\/v2\/product_cat?post=5537"},{"taxonomy":"product_tag","embeddable":true,"href":"https:\/\/candeebaar.ee\/lv\/wp-json\/wp\/v2\/product_tag?post=5537"}],"curies":[{"name":"wp","href":"https:\/\/api.w.org\/{rel}","templated":true}]}}