{"id":5539,"date":"2024-12-31T20:10:05","date_gmt":"2024-12-31T20:10:05","guid":{"rendered":"https:\/\/storetest.ivi.ee\/product\/pear-puree-1000g-naturens-skafferi\/"},"modified":"2026-04-06T14:34:10","modified_gmt":"2026-04-06T12:34:10","slug":"bumbieru-biezenis-1000g-naturens-skafferi","status":"publish","type":"product","link":"https:\/\/candeebaar.ee\/lv\/veikals\/bumbieru-biezenis-1000g-naturens-skafferi\/","title":{"rendered":"Bumbieru biezenis 1000g Naturens Skafferi"},"content":{"rendered":"<p>Dab\u012bgs bumbieru biezenis. Lieliski piem\u0113rots putu k\u016bku, zef\u012bru, kr\u0113mu u.c. pagatavo\u0161anai.<br \/>\nMasa: 1000g<br \/>\nSast\u0101vs: bumbieru biezenis<br \/>\n100g satur:<br \/>\n226kJ\/54kal<br \/>\nTauki: 0,1 g<br \/>\nOg\u013chidr\u0101ti: 12 g (11 g cukura)<br \/>\nOlbaltumvielas: 0,4g<br \/>\nNesatur gar\u0161as piedevas, kr\u0101svielas vai konservantus.<br \/>\nUzglab\u0101t tum\u0161\u0101 v\u0113s\u0101 viet\u0101.<br \/>\nDer\u012bguma termi\u0146\u0161: skat\u012bt uz iepakojuma<br \/>\nRa\u017eot\u0101js: Naturens Skafferi Sweden<\/p>\n<p>22.04.2026<\/p>\n<p>&nbsp;<\/p>\n<p>&nbsp;<\/p>\n<p>&nbsp;<\/p>","protected":false},"excerpt":{"rendered":"<p>Dab\u012bgs bumbieru biezenis. Lieliski piem\u0113rots musa k\u016bku, zef\u012bru, kr\u0113mu u.c. pagatavo\u0161anai. Svars: 1000g Sast\u0101vs: bumbieru biezenis 100g satur: 226kJ\/54cal Tauki: 0.1g Og\u013chidr\u0101ti: 12g (11g cukura) Olbaltumvielas: 0.4g Nesatur aromatiz\u0113t\u0101jus, kr\u0101svielas vai konservantus. Uzglab\u0101t tum\u0161\u0101, v\u0113s\u0101 viet\u0101. Der\u012bguma termi\u0146\u0161: skat\u012bt uz iepakojuma Ra\u017eot\u0101js: Naturens Skafferi Zviedrija 22.04.2026 &nbsp; &nbsp; &nbsp;<\/p>","protected":false},"featured_media":5541,"template":"","meta":{"_seopress_robots_primary_cat":"none","_seopress_titles_title":"","_seopress_titles_desc":"","_seopress_robots_index":""},"product_brand":[],"product_cat":[15,99,109],"product_tag":[],"class_list":{"0":"post-5539","1":"product","2":"type-product","3":"status-publish","4":"has-post-thumbnail","6":"product_cat-all-products","7":"product_cat-fruit-purees","8":"product_cat-sale","10":"first","11":"outofstock","12":"sale","13":"taxable","14":"shipping-taxable","15":"purchasable","16":"product-type-simple"},"_links":{"self":[{"href":"https:\/\/candeebaar.ee\/lv\/wp-json\/wp\/v2\/product\/5539","targetHints":{"allow":["GET"]}}],"collection":[{"href":"https:\/\/candeebaar.ee\/lv\/wp-json\/wp\/v2\/product"}],"about":[{"href":"https:\/\/candeebaar.ee\/lv\/wp-json\/wp\/v2\/types\/product"}],"version-history":[{"count":3,"href":"https:\/\/candeebaar.ee\/lv\/wp-json\/wp\/v2\/product\/5539\/revisions"}],"predecessor-version":[{"id":16227,"href":"https:\/\/candeebaar.ee\/lv\/wp-json\/wp\/v2\/product\/5539\/revisions\/16227"}],"wp:featuredmedia":[{"embeddable":true,"href":"https:\/\/candeebaar.ee\/lv\/wp-json\/wp\/v2\/media\/5541"}],"wp:attachment":[{"href":"https:\/\/candeebaar.ee\/lv\/wp-json\/wp\/v2\/media?parent=5539"}],"wp:term":[{"taxonomy":"product_brand","embeddable":true,"href":"https:\/\/candeebaar.ee\/lv\/wp-json\/wp\/v2\/product_brand?post=5539"},{"taxonomy":"product_cat","embeddable":true,"href":"https:\/\/candeebaar.ee\/lv\/wp-json\/wp\/v2\/product_cat?post=5539"},{"taxonomy":"product_tag","embeddable":true,"href":"https:\/\/candeebaar.ee\/lv\/wp-json\/wp\/v2\/product_tag?post=5539"}],"curies":[{"name":"wp","href":"https:\/\/api.w.org\/{rel}","templated":true}]}}