{"id":5542,"date":"2024-12-31T20:10:05","date_gmt":"2024-12-31T20:10:05","guid":{"rendered":"https:\/\/storetest.ivi.ee\/product\/food-glue-food-colours-15g\/"},"modified":"2026-03-29T19:54:26","modified_gmt":"2026-03-29T17:54:26","slug":"partikas-lime-partikas-krasvielas-15g","status":"publish","type":"product","link":"https:\/\/candeebaar.ee\/lv\/veikals\/partikas-lime-partikas-krasvielas-15g\/","title":{"rendered":"P\u0101rtikas l\u012bme FOOD COLORS 15g"},"content":{"rendered":"<p>\u013bauj l\u012bm\u0113t dekorat\u012bvos elementus.<br \/>\nSvars: 15g<br \/>\nPielietojums:<br \/>\nUzkl\u0101jiet uz elementiem nelielu daudzumu l\u012bmes, viegli nospiediet, l\u012bdz saciet\u0113.<br \/>\nSast\u0101vs: \u016bdens, E466, E202, E330<br \/>\nUzglab\u0101t v\u0113s\u0101, saus\u0101 viet\u0101.<br \/>\nRa\u017eot\u0101js: Food Colours, Polija<\/p>","protected":false},"excerpt":{"rendered":"<p>\u013bauj l\u012bm\u0113t dekorat\u012bvos elementus. Svars: 15g Pielietojums: Uzkl\u0101jiet nelielu daudzumu l\u012bmes uz elementiem, viegli nospiediet, l\u012bdz saciet\u0113. Sast\u0101vs: \u016bdens, E466, E202, E330 Uzglab\u0101t v\u0113s\u0101, saus\u0101 viet\u0101. Ra\u017eot\u0101js: Food Colours, Polija<\/p>","protected":false},"featured_media":5544,"template":"","meta":{"_seopress_robots_primary_cat":"none","_seopress_titles_title":"","_seopress_titles_desc":"","_seopress_robots_index":""},"product_brand":[],"product_cat":[182,181,15,102,81,84,109],"product_tag":[],"class_list":{"0":"post-5542","1":"product","2":"type-product","3":"status-publish","4":"has-post-thumbnail","6":"product_cat-christmas","7":"product_cat-christmas-new-year","8":"product_cat-all-products","9":"product_cat-sugars","10":"product_cat-inventory","11":"product_cat-tools","12":"product_cat-sale","14":"first","15":"outofstock","16":"sale","17":"taxable","18":"shipping-taxable","19":"purchasable","20":"product-type-simple"},"_links":{"self":[{"href":"https:\/\/candeebaar.ee\/lv\/wp-json\/wp\/v2\/product\/5542","targetHints":{"allow":["GET"]}}],"collection":[{"href":"https:\/\/candeebaar.ee\/lv\/wp-json\/wp\/v2\/product"}],"about":[{"href":"https:\/\/candeebaar.ee\/lv\/wp-json\/wp\/v2\/types\/product"}],"version-history":[{"count":1,"href":"https:\/\/candeebaar.ee\/lv\/wp-json\/wp\/v2\/product\/5542\/revisions"}],"predecessor-version":[{"id":5543,"href":"https:\/\/candeebaar.ee\/lv\/wp-json\/wp\/v2\/product\/5542\/revisions\/5543"}],"wp:featuredmedia":[{"embeddable":true,"href":"https:\/\/candeebaar.ee\/lv\/wp-json\/wp\/v2\/media\/5544"}],"wp:attachment":[{"href":"https:\/\/candeebaar.ee\/lv\/wp-json\/wp\/v2\/media?parent=5542"}],"wp:term":[{"taxonomy":"product_brand","embeddable":true,"href":"https:\/\/candeebaar.ee\/lv\/wp-json\/wp\/v2\/product_brand?post=5542"},{"taxonomy":"product_cat","embeddable":true,"href":"https:\/\/candeebaar.ee\/lv\/wp-json\/wp\/v2\/product_cat?post=5542"},{"taxonomy":"product_tag","embeddable":true,"href":"https:\/\/candeebaar.ee\/lv\/wp-json\/wp\/v2\/product_tag?post=5542"}],"curies":[{"name":"wp","href":"https:\/\/api.w.org\/{rel}","templated":true}]}}