{"id":5554,"date":"2024-12-31T20:10:18","date_gmt":"2024-12-31T20:10:18","guid":{"rendered":"https:\/\/storetest.ivi.ee\/product\/xanthan-gum-25g-food-colours\/"},"modified":"2026-04-06T09:56:04","modified_gmt":"2026-04-06T07:56:04","slug":"ksantana-sveki-25g-partikas-krasvielas","status":"publish","type":"product","link":"https:\/\/candeebaar.ee\/lv\/veikals\/ksantana-sveki-25g-partikas-krasvielas\/","title":{"rendered":"Ksant\u0101na sve\u0137i 25g p\u0101rtikas kr\u0101svielas"},"content":{"rendered":"<p>Ksant\u0101na sve\u0137i \u2013 dab\u012bgs biezin\u0101t\u0101js, piem\u0113rots sald\u0113jumam, \u017eelejai, iev\u0101r\u012bjumiem, marmel\u0101dei u.c.<br \/>\nSast\u0101vs: E415<br \/>\nDevas: 1-10g uz 1kg<br \/>\nMasa: 25g<br \/>\nUzglab\u0101t saus\u0101 viet\u0101 nosl\u0113gt\u0101 iepakojum\u0101.<\/p>","protected":false},"excerpt":{"rendered":"<p>Ksant\u0101na sve\u0137i \u2013 dab\u012bgs biezin\u0101t\u0101js, piem\u0113rots sald\u0113jumam, \u017eelejai, iev\u0101r\u012bjumiem, marmel\u0101dei uc Sast\u0101vs: E415 Devas: 1-10g uz 1kg Masa: 25g Uzglab\u0101t saus\u0101 viet\u0101 nosl\u0113gt\u0101 iepakojum\u0101.<\/p>","protected":false},"featured_media":5556,"template":"","meta":{"_seopress_robots_primary_cat":"none","_seopress_titles_title":"","_seopress_titles_desc":"","_seopress_robots_index":""},"product_brand":[],"product_cat":[15,100,109],"product_tag":[],"class_list":{"0":"post-5554","1":"product","2":"type-product","3":"status-publish","4":"has-post-thumbnail","6":"product_cat-all-products","7":"product_cat-thickeners","8":"product_cat-sale","10":"first","11":"instock","12":"sale","13":"taxable","14":"shipping-taxable","15":"purchasable","16":"product-type-simple"},"_links":{"self":[{"href":"https:\/\/candeebaar.ee\/lv\/wp-json\/wp\/v2\/product\/5554","targetHints":{"allow":["GET"]}}],"collection":[{"href":"https:\/\/candeebaar.ee\/lv\/wp-json\/wp\/v2\/product"}],"about":[{"href":"https:\/\/candeebaar.ee\/lv\/wp-json\/wp\/v2\/types\/product"}],"version-history":[{"count":3,"href":"https:\/\/candeebaar.ee\/lv\/wp-json\/wp\/v2\/product\/5554\/revisions"}],"predecessor-version":[{"id":13044,"href":"https:\/\/candeebaar.ee\/lv\/wp-json\/wp\/v2\/product\/5554\/revisions\/13044"}],"wp:featuredmedia":[{"embeddable":true,"href":"https:\/\/candeebaar.ee\/lv\/wp-json\/wp\/v2\/media\/5556"}],"wp:attachment":[{"href":"https:\/\/candeebaar.ee\/lv\/wp-json\/wp\/v2\/media?parent=5554"}],"wp:term":[{"taxonomy":"product_brand","embeddable":true,"href":"https:\/\/candeebaar.ee\/lv\/wp-json\/wp\/v2\/product_brand?post=5554"},{"taxonomy":"product_cat","embeddable":true,"href":"https:\/\/candeebaar.ee\/lv\/wp-json\/wp\/v2\/product_cat?post=5554"},{"taxonomy":"product_tag","embeddable":true,"href":"https:\/\/candeebaar.ee\/lv\/wp-json\/wp\/v2\/product_tag?post=5554"}],"curies":[{"name":"wp","href":"https:\/\/api.w.org\/{rel}","templated":true}]}}