{"id":5582,"date":"2024-12-31T20:10:18","date_gmt":"2024-12-31T20:10:18","guid":{"rendered":"https:\/\/storetest.ivi.ee\/product\/gel-food-coloring-crimson-wine-20g-food-colours\/"},"modified":"2025-01-02T19:10:21","modified_gmt":"2025-01-02T19:10:21","slug":"zelejveida-partikas-krasviela-tumsi-sarkana-20-g-partikas-krasvielas","status":"publish","type":"product","link":"https:\/\/candeebaar.ee\/lv\/veikals\/zelejveida-partikas-krasviela-tumsi-sarkana-20-g-partikas-krasvielas\/","title":{"rendered":"G\u0113la p\u0101rtikas kr\u0101sviela Crimson Wine 20g P\u0101rtikas kr\u0101svielas"},"content":{"rendered":"<p>Sarkana \u017eelejveida p\u0101rtikas kr\u0101sviela ar augstu koncentr\u0101ciju.<br \/>\nAt\u0161\u0137aid\u012bts ar \u016bdeni, izmanto rakstu veido\u0161anai un kr\u0113mu kr\u0101so\u0161anai, m\u012bklai un citiem p\u0101rtikas nol\u016bkiem.<br \/>\nSast\u0101vs: glikozes s\u012brups, E422, \u016bdens, E129, E122, aromatiz\u0113t\u0101js, E202, E330, E464.<br \/>\n*var nelabv\u0113l\u012bgi ietekm\u0113t b\u0113rnu aktivit\u0101ti un uzman\u012bbu.<br \/>\nMasa: 20g<br \/>\nRa\u017eot\u0101js: Food Colours, Polija<\/p>","protected":false},"excerpt":{"rendered":"<p>Sarkana \u017eelejveida p\u0101rtikas kr\u0101sviela, augsta koncentr\u0101cija. At\u0161\u0137aid\u012bta ar \u016bdeni, izmanto rakstu veido\u0161anai un kr\u0113mu, m\u012bklu un citiem p\u0101rtikas kr\u0101so\u0161anas m\u0113r\u0137iem. Sast\u0101vs: glikozes s\u012brups, E422, \u016bdens, E129, E122, aromatiz\u0113t\u0101js, E202, E330, E464. *var nelabv\u0113l\u012bgi ietekm\u0113t b\u0113rnu aktivit\u0101ti un uzman\u012bbu. Masa: 20 g Ra\u017eot\u0101js: Food Colors, Polija<\/p>","protected":false},"featured_media":5565,"template":"","meta":{"_seopress_robots_primary_cat":"","_seopress_titles_title":"","_seopress_titles_desc":"","_seopress_robots_index":""},"product_brand":[],"product_cat":[15,114],"product_tag":[],"class_list":{"0":"post-5582","1":"product","2":"type-product","3":"status-publish","4":"has-post-thumbnail","6":"product_cat-all-products","7":"product_cat-gel-water-soluble","9":"first","10":"outofstock","11":"taxable","12":"shipping-taxable","13":"purchasable","14":"product-type-simple"},"_links":{"self":[{"href":"https:\/\/candeebaar.ee\/lv\/wp-json\/wp\/v2\/product\/5582","targetHints":{"allow":["GET"]}}],"collection":[{"href":"https:\/\/candeebaar.ee\/lv\/wp-json\/wp\/v2\/product"}],"about":[{"href":"https:\/\/candeebaar.ee\/lv\/wp-json\/wp\/v2\/types\/product"}],"version-history":[{"count":1,"href":"https:\/\/candeebaar.ee\/lv\/wp-json\/wp\/v2\/product\/5582\/revisions"}],"predecessor-version":[{"id":5583,"href":"https:\/\/candeebaar.ee\/lv\/wp-json\/wp\/v2\/product\/5582\/revisions\/5583"}],"wp:featuredmedia":[{"embeddable":true,"href":"https:\/\/candeebaar.ee\/lv\/wp-json\/wp\/v2\/media\/5565"}],"wp:attachment":[{"href":"https:\/\/candeebaar.ee\/lv\/wp-json\/wp\/v2\/media?parent=5582"}],"wp:term":[{"taxonomy":"product_brand","embeddable":true,"href":"https:\/\/candeebaar.ee\/lv\/wp-json\/wp\/v2\/product_brand?post=5582"},{"taxonomy":"product_cat","embeddable":true,"href":"https:\/\/candeebaar.ee\/lv\/wp-json\/wp\/v2\/product_cat?post=5582"},{"taxonomy":"product_tag","embeddable":true,"href":"https:\/\/candeebaar.ee\/lv\/wp-json\/wp\/v2\/product_tag?post=5582"}],"curies":[{"name":"wp","href":"https:\/\/api.w.org\/{rel}","templated":true}]}}