{"id":5584,"date":"2024-12-31T20:10:18","date_gmt":"2024-12-31T20:10:18","guid":{"rendered":"https:\/\/storetest.ivi.ee\/product\/gel-food-coloring-clearly-pink-20g-food-colours\/"},"modified":"2025-10-21T07:51:43","modified_gmt":"2025-10-21T05:51:43","slug":"gela-partikas-krasviela-skaidri-roza-20g-partikas-krasvielas","status":"publish","type":"product","link":"https:\/\/candeebaar.ee\/lv\/veikals\/gela-partikas-krasviela-skaidri-roza-20g-partikas-krasvielas\/","title":{"rendered":"G\u0113la p\u0101rtikas kr\u0101sviela Clearly Pink 20g Food Colors (15.12.2025)"},"content":{"rendered":"<p>G\u0113la p\u0101rtikas kr\u0101sviela roz\u0101 augsta koncentr\u0101cija.<br \/>\nAt\u0161\u0137aid\u012bts ar \u016bdeni, izmanto rakstu veido\u0161anai un kr\u0113mu kr\u0101so\u0161anai, m\u012bklai un citiem p\u0101rtikas nol\u016bkiem.<br \/>\nSast\u0101vs: glikozes s\u012brups, E422, \u016bdens, E122, aromatiz\u0113t\u0101js, E202, E330, E464.<br \/>\n*var nelabv\u0113l\u012bgi ietekm\u0113t b\u0113rnu aktivit\u0101ti un uzman\u012bbu.<br \/>\nMasa: 20g<br \/>\nRa\u017eot\u0101js: Food Colours, Polija<\/p>","protected":false},"excerpt":{"rendered":"<p>G\u0113la p\u0101rtikas kr\u0101sviela roz\u0101 augsta koncentr\u0101cija. At\u0161\u0137aid\u012bts ar \u016bdeni, izmanto rakstu veido\u0161anai un kr\u0113mu kr\u0101so\u0161anai, m\u012bklai un citiem p\u0101rtikas nol\u016bkiem. Sast\u0101vs: glikozes s\u012brups, E422, \u016bdens, E122, aromatiz\u0113t\u0101js, E202, E330, E464. *var nelabv\u0113l\u012bgi ietekm\u0113t b\u0113rnu aktivit\u0101ti un uzman\u012bbu. Masa: 20g Ra\u017eot\u0101js: Food Colours, Polija<\/p>","protected":false},"featured_media":5566,"template":"","meta":{"_seopress_robots_primary_cat":"none","_seopress_titles_title":"","_seopress_titles_desc":"","_seopress_robots_index":""},"product_brand":[],"product_cat":[15,114,109],"product_tag":[],"class_list":{"0":"post-5584","1":"product","2":"type-product","3":"status-publish","4":"has-post-thumbnail","6":"product_cat-all-products","7":"product_cat-gel-water-soluble","8":"product_cat-sale","10":"first","11":"outofstock","12":"sale","13":"taxable","14":"shipping-taxable","15":"purchasable","16":"product-type-simple"},"_links":{"self":[{"href":"https:\/\/candeebaar.ee\/lv\/wp-json\/wp\/v2\/product\/5584","targetHints":{"allow":["GET"]}}],"collection":[{"href":"https:\/\/candeebaar.ee\/lv\/wp-json\/wp\/v2\/product"}],"about":[{"href":"https:\/\/candeebaar.ee\/lv\/wp-json\/wp\/v2\/types\/product"}],"version-history":[{"count":2,"href":"https:\/\/candeebaar.ee\/lv\/wp-json\/wp\/v2\/product\/5584\/revisions"}],"predecessor-version":[{"id":11949,"href":"https:\/\/candeebaar.ee\/lv\/wp-json\/wp\/v2\/product\/5584\/revisions\/11949"}],"wp:featuredmedia":[{"embeddable":true,"href":"https:\/\/candeebaar.ee\/lv\/wp-json\/wp\/v2\/media\/5566"}],"wp:attachment":[{"href":"https:\/\/candeebaar.ee\/lv\/wp-json\/wp\/v2\/media?parent=5584"}],"wp:term":[{"taxonomy":"product_brand","embeddable":true,"href":"https:\/\/candeebaar.ee\/lv\/wp-json\/wp\/v2\/product_brand?post=5584"},{"taxonomy":"product_cat","embeddable":true,"href":"https:\/\/candeebaar.ee\/lv\/wp-json\/wp\/v2\/product_cat?post=5584"},{"taxonomy":"product_tag","embeddable":true,"href":"https:\/\/candeebaar.ee\/lv\/wp-json\/wp\/v2\/product_tag?post=5584"}],"curies":[{"name":"wp","href":"https:\/\/api.w.org\/{rel}","templated":true}]}}