{"id":5599,"date":"2024-12-31T20:10:18","date_gmt":"2024-12-31T20:10:18","guid":{"rendered":"https:\/\/storetest.ivi.ee\/product\/gel-food-coloring-starless-night-20g-food-colours\/"},"modified":"2025-01-02T19:10:22","modified_gmt":"2025-01-02T19:10:22","slug":"zelejveida-partikas-krasviela-starless-night-20-g","status":"publish","type":"product","link":"https:\/\/candeebaar.ee\/lv\/veikals\/zelejveida-partikas-krasviela-starless-night-20-g\/","title":{"rendered":"G\u0113la p\u0101rtikas kr\u0101sviela Starless Night 20g P\u0101rtikas kr\u0101svielas"},"content":{"rendered":"<p>Augstas koncentr\u0101cijas melna \u017eelejveida p\u0101rtikas kr\u0101sviela.<br \/>\nAt\u0161\u0137aid\u0101ms ar \u016bdeni, izmanto rakstu veido\u0161anai un kr\u0113mu, m\u012bklas un citu p\u0101rtikas produktu kr\u0101so\u0161anai.<br \/>\nSast\u0101vs: glikozes s\u012brups, E422, \u016bdens, E122, E155, E133, E172, aromatiz\u0113t\u0101js, E202, E330, E464.<br \/>\n*var nelabv\u0113l\u012bgi ietekm\u0113t b\u0113rnu aktivit\u0101ti un uzman\u012bbu.<br \/>\nMasa: 20g<br \/>\nRa\u017eot\u0101js: Food Colours, Polija<\/p>","protected":false},"excerpt":{"rendered":"<p>High concentration black gel food coloring. Dilutes with water, used for creating patterns and coloring creams, dough, and other food purposes. Composition: glucose syrup, E422, water, E122, E155, E133, E172, flavoring agent, E202, E330, E464. *may have an adverse effect on activity and attention in children. Mass: 20g Manufacturer: Food Colours, Poland<\/p>","protected":false},"featured_media":5573,"template":"","meta":{"_seopress_robots_primary_cat":"","_seopress_titles_title":"","_seopress_titles_desc":"","_seopress_robots_index":""},"product_brand":[],"product_cat":[15,114],"product_tag":[],"class_list":{"0":"post-5599","1":"product","2":"type-product","3":"status-publish","4":"has-post-thumbnail","6":"product_cat-all-products","7":"product_cat-gel-water-soluble","9":"first","10":"outofstock","11":"taxable","12":"shipping-taxable","13":"purchasable","14":"product-type-simple"},"_links":{"self":[{"href":"https:\/\/candeebaar.ee\/lv\/wp-json\/wp\/v2\/product\/5599","targetHints":{"allow":["GET"]}}],"collection":[{"href":"https:\/\/candeebaar.ee\/lv\/wp-json\/wp\/v2\/product"}],"about":[{"href":"https:\/\/candeebaar.ee\/lv\/wp-json\/wp\/v2\/types\/product"}],"version-history":[{"count":1,"href":"https:\/\/candeebaar.ee\/lv\/wp-json\/wp\/v2\/product\/5599\/revisions"}],"predecessor-version":[{"id":5600,"href":"https:\/\/candeebaar.ee\/lv\/wp-json\/wp\/v2\/product\/5599\/revisions\/5600"}],"wp:featuredmedia":[{"embeddable":true,"href":"https:\/\/candeebaar.ee\/lv\/wp-json\/wp\/v2\/media\/5573"}],"wp:attachment":[{"href":"https:\/\/candeebaar.ee\/lv\/wp-json\/wp\/v2\/media?parent=5599"}],"wp:term":[{"taxonomy":"product_brand","embeddable":true,"href":"https:\/\/candeebaar.ee\/lv\/wp-json\/wp\/v2\/product_brand?post=5599"},{"taxonomy":"product_cat","embeddable":true,"href":"https:\/\/candeebaar.ee\/lv\/wp-json\/wp\/v2\/product_cat?post=5599"},{"taxonomy":"product_tag","embeddable":true,"href":"https:\/\/candeebaar.ee\/lv\/wp-json\/wp\/v2\/product_tag?post=5599"}],"curies":[{"name":"wp","href":"https:\/\/api.w.org\/{rel}","templated":true}]}}