{"id":5608,"date":"2024-12-31T20:10:18","date_gmt":"2024-12-31T20:10:18","guid":{"rendered":"https:\/\/storetest.ivi.ee\/product\/food-printer-ink-100ml-blue-food-colours\/"},"modified":"2026-03-10T18:23:06","modified_gmt":"2026-03-10T16:23:06","slug":"partikas-printera-tinte-100ml-zilas-partikas-krasas","status":"publish","type":"product","link":"https:\/\/candeebaar.ee\/lv\/veikals\/partikas-printera-tinte-100ml-zilas-partikas-krasas\/","title":{"rendered":"P\u0101rtikas printera tinte 100ml Blue Food Colors"},"content":{"rendered":"<p>Tinte lieto\u0161anai ar p\u0101rtikas printeriem (sader\u012bga ar Canon un EPSON).<br \/>\nSast\u0101vs: \u016bdens, E422, aromatiz\u0113t\u0101js, E133, E202, E330.<br \/>\n*var negat\u012bvi ietekm\u0113t b\u0113rnu aktivit\u0101ti un uzman\u012bbu.<br \/>\nTilpums: 100ml<br \/>\nUzglab\u0101t saus\u0101, v\u0113s\u0101 viet\u0101.<br \/>\nLieto\u0161anas temperat\u016bra: 18-25\u00b0C<br \/>\nRa\u017eot\u0101js: Food Colours, Polija<\/p>","protected":false},"excerpt":{"rendered":"<p>Tinte lieto\u0161anai ar p\u0101rtikas printeriem (sader\u012bga ar Canon un EPSON). Sast\u0101vs: \u016bdens, E422, aromatiz\u0113t\u0101js, E133, E202, E330. *var negat\u012bvi ietekm\u0113t b\u0113rnu aktivit\u0101ti un uzman\u012bbu. Tilpums: 100ml Uzglab\u0101t saus\u0101, v\u0113s\u0101 viet\u0101. Lieto\u0161anas temperat\u016bra: 18-25\u00b0C Ra\u017eot\u0101js: Food Colours, Polija<\/p>","protected":false},"featured_media":5603,"template":"","meta":{"_seopress_robots_primary_cat":"none","_seopress_titles_title":"","_seopress_titles_desc":"","_seopress_robots_index":""},"product_brand":[],"product_cat":[15,105],"product_tag":[],"class_list":{"0":"post-5608","1":"product","2":"type-product","3":"status-publish","4":"has-post-thumbnail","6":"product_cat-all-products","7":"product_cat-edible-print","9":"first","10":"instock","11":"taxable","12":"shipping-taxable","13":"purchasable","14":"product-type-simple"},"_links":{"self":[{"href":"https:\/\/candeebaar.ee\/lv\/wp-json\/wp\/v2\/product\/5608","targetHints":{"allow":["GET"]}}],"collection":[{"href":"https:\/\/candeebaar.ee\/lv\/wp-json\/wp\/v2\/product"}],"about":[{"href":"https:\/\/candeebaar.ee\/lv\/wp-json\/wp\/v2\/types\/product"}],"version-history":[{"count":2,"href":"https:\/\/candeebaar.ee\/lv\/wp-json\/wp\/v2\/product\/5608\/revisions"}],"predecessor-version":[{"id":11868,"href":"https:\/\/candeebaar.ee\/lv\/wp-json\/wp\/v2\/product\/5608\/revisions\/11868"}],"wp:featuredmedia":[{"embeddable":true,"href":"https:\/\/candeebaar.ee\/lv\/wp-json\/wp\/v2\/media\/5603"}],"wp:attachment":[{"href":"https:\/\/candeebaar.ee\/lv\/wp-json\/wp\/v2\/media?parent=5608"}],"wp:term":[{"taxonomy":"product_brand","embeddable":true,"href":"https:\/\/candeebaar.ee\/lv\/wp-json\/wp\/v2\/product_brand?post=5608"},{"taxonomy":"product_cat","embeddable":true,"href":"https:\/\/candeebaar.ee\/lv\/wp-json\/wp\/v2\/product_cat?post=5608"},{"taxonomy":"product_tag","embeddable":true,"href":"https:\/\/candeebaar.ee\/lv\/wp-json\/wp\/v2\/product_tag?post=5608"}],"curies":[{"name":"wp","href":"https:\/\/api.w.org\/{rel}","templated":true}]}}