{"id":5636,"date":"2024-12-31T20:10:25","date_gmt":"2024-12-31T20:10:25","guid":{"rendered":"https:\/\/storetest.ivi.ee\/product\/mold-for-mousse-dessert-delizia-al-limone-silikomart\/"},"modified":"2025-01-02T19:07:39","modified_gmt":"2025-01-02T19:07:39","slug":"veidne-putu-desertam-delizia-al-limone-silikomart","status":"publish","type":"product","link":"https:\/\/candeebaar.ee\/lv\/veikals\/veidne-putu-desertam-delizia-al-limone-silikomart\/","title":{"rendered":"Veidne putu desertam \u201cDelizia al Limone\u201d Silikomart"},"content":{"rendered":"<p>Silikona veidne putu desertiem.<br \/>\nIzm\u0113rs: 85x59mm (augstums) 6 gabali<br \/>\nTilpums: 106 ml x 6<br \/>\nDarba temperat\u016bra: no -60\u00b0C l\u012bdz +230\u00b0C. Piem\u0113rots cep\u0161anai un sasald\u0113\u0161anai.<br \/>\nRa\u017eot\u0101js: Silikomart, It\u0101lija<\/p>","protected":false},"excerpt":{"rendered":"<p>Silikona veidne musa desertiem. Izm\u0113rs: 85x59mm (augstums) 6 gabali Tilpums: 106ml x 6 Darba temperat\u016bra: -60\u00b0C l\u012bdz +230\u00b0C Piem\u0113rots cep\u0161anai un sasald\u0113\u0161anai. Ra\u017eot\u0101js: Silikomart, It\u0101lija<\/p>","protected":false},"featured_media":5638,"template":"","meta":{"_seopress_robots_primary_cat":"","_seopress_titles_title":"","_seopress_titles_desc":"","_seopress_robots_index":""},"product_brand":[],"product_cat":[15,118,123,127],"product_tag":[],"class_list":{"0":"post-5636","1":"product","2":"type-product","3":"status-publish","4":"has-post-thumbnail","6":"product_cat-all-products","7":"product_cat-silicone-and-plastic","8":"product_cat-geometry","9":"product_cat-ornament","11":"first","12":"outofstock","13":"taxable","14":"shipping-taxable","15":"purchasable","16":"product-type-simple"},"_links":{"self":[{"href":"https:\/\/candeebaar.ee\/lv\/wp-json\/wp\/v2\/product\/5636","targetHints":{"allow":["GET"]}}],"collection":[{"href":"https:\/\/candeebaar.ee\/lv\/wp-json\/wp\/v2\/product"}],"about":[{"href":"https:\/\/candeebaar.ee\/lv\/wp-json\/wp\/v2\/types\/product"}],"version-history":[{"count":1,"href":"https:\/\/candeebaar.ee\/lv\/wp-json\/wp\/v2\/product\/5636\/revisions"}],"predecessor-version":[{"id":5637,"href":"https:\/\/candeebaar.ee\/lv\/wp-json\/wp\/v2\/product\/5636\/revisions\/5637"}],"wp:featuredmedia":[{"embeddable":true,"href":"https:\/\/candeebaar.ee\/lv\/wp-json\/wp\/v2\/media\/5638"}],"wp:attachment":[{"href":"https:\/\/candeebaar.ee\/lv\/wp-json\/wp\/v2\/media?parent=5636"}],"wp:term":[{"taxonomy":"product_brand","embeddable":true,"href":"https:\/\/candeebaar.ee\/lv\/wp-json\/wp\/v2\/product_brand?post=5636"},{"taxonomy":"product_cat","embeddable":true,"href":"https:\/\/candeebaar.ee\/lv\/wp-json\/wp\/v2\/product_cat?post=5636"},{"taxonomy":"product_tag","embeddable":true,"href":"https:\/\/candeebaar.ee\/lv\/wp-json\/wp\/v2\/product_tag?post=5636"}],"curies":[{"name":"wp","href":"https:\/\/api.w.org\/{rel}","templated":true}]}}