{"id":5640,"date":"2024-12-31T20:10:25","date_gmt":"2024-12-31T20:10:25","guid":{"rendered":"https:\/\/storetest.ivi.ee\/product\/mold-for-mousse-cake-moments-silikomart\/"},"modified":"2025-01-02T19:07:39","modified_gmt":"2025-01-02T19:07:39","slug":"veidne-putu-kukas-momentiem-silikomart","status":"publish","type":"product","link":"https:\/\/candeebaar.ee\/lv\/veikals\/veidne-putu-kukas-momentiem-silikomart\/","title":{"rendered":"Veidne putu k\u016bkai \u201cMoments\u201d Silikomart"},"content":{"rendered":"<p>Augstas kvalit\u0101tes silikona veidne \u201cMoments\u201d profesion\u0101lai lieto\u0161anai.<br \/>\n \u013bauj izveidot perfektas formas k\u016bku.<br \/>\n Izm\u0113rs: 160x60mm (augstums)<br \/>\n Tilpums: 1000ml<br \/>\n Temperat\u016bra: -60\u00b0C l\u012bdz +230\u00b0C. Piem\u0113rots cep\u0161anai un sald\u0113\u0161anai.<br \/>\nRa\u017eot\u0101js: Silikomart<\/p>","protected":false},"excerpt":{"rendered":"<p>Augstas kvalit\u0101tes silikona veidne \u201cMoments\u201d profesion\u0101lai lieto\u0161anai. \u013bauj izveidot perfektas formas k\u016bku. Izm\u0113rs: 160x60mm (augstums) Tilpums: 1000ml Temperat\u016bra: -60\u00b0C l\u012bdz +230\u00b0C. Piem\u0113rots cep\u0161anai un sald\u0113\u0161anai. Ra\u017eot\u0101js: Silikomart<\/p>","protected":false},"featured_media":5642,"template":"","meta":{"_seopress_robots_primary_cat":"","_seopress_titles_title":"","_seopress_titles_desc":"","_seopress_robots_index":""},"product_brand":[],"product_cat":[15,118,123,127],"product_tag":[],"class_list":{"0":"post-5640","1":"product","2":"type-product","3":"status-publish","4":"has-post-thumbnail","6":"product_cat-all-products","7":"product_cat-silicone-and-plastic","8":"product_cat-geometry","9":"product_cat-ornament","11":"first","12":"instock","13":"sale","14":"taxable","15":"shipping-taxable","16":"purchasable","17":"product-type-simple"},"_links":{"self":[{"href":"https:\/\/candeebaar.ee\/lv\/wp-json\/wp\/v2\/product\/5640","targetHints":{"allow":["GET"]}}],"collection":[{"href":"https:\/\/candeebaar.ee\/lv\/wp-json\/wp\/v2\/product"}],"about":[{"href":"https:\/\/candeebaar.ee\/lv\/wp-json\/wp\/v2\/types\/product"}],"version-history":[{"count":1,"href":"https:\/\/candeebaar.ee\/lv\/wp-json\/wp\/v2\/product\/5640\/revisions"}],"predecessor-version":[{"id":5641,"href":"https:\/\/candeebaar.ee\/lv\/wp-json\/wp\/v2\/product\/5640\/revisions\/5641"}],"wp:featuredmedia":[{"embeddable":true,"href":"https:\/\/candeebaar.ee\/lv\/wp-json\/wp\/v2\/media\/5642"}],"wp:attachment":[{"href":"https:\/\/candeebaar.ee\/lv\/wp-json\/wp\/v2\/media?parent=5640"}],"wp:term":[{"taxonomy":"product_brand","embeddable":true,"href":"https:\/\/candeebaar.ee\/lv\/wp-json\/wp\/v2\/product_brand?post=5640"},{"taxonomy":"product_cat","embeddable":true,"href":"https:\/\/candeebaar.ee\/lv\/wp-json\/wp\/v2\/product_cat?post=5640"},{"taxonomy":"product_tag","embeddable":true,"href":"https:\/\/candeebaar.ee\/lv\/wp-json\/wp\/v2\/product_tag?post=5640"}],"curies":[{"name":"wp","href":"https:\/\/api.w.org\/{rel}","templated":true}]}}