{"id":5668,"date":"2024-12-31T20:10:25","date_gmt":"2024-12-31T20:10:25","guid":{"rendered":"https:\/\/storetest.ivi.ee\/product\/dry-dye-orange-8g-food-colours\/"},"modified":"2026-04-14T14:24:51","modified_gmt":"2026-04-14T12:24:51","slug":"sausa-krasa-oranza-8g-partikas-krasvielas","status":"publish","type":"product","link":"https:\/\/candeebaar.ee\/lv\/veikals\/sausa-krasa-oranza-8g-partikas-krasvielas\/","title":{"rendered":"Saus\u0101 kr\u0101sa Orange 8g P\u0101rtikas kr\u0101svielas"},"content":{"rendered":"<p>Saus\u0101 p\u0101rtikas kr\u0101sviela \u016bden\u012b \u0161\u0137\u012bsto\u0161a \u201cGai\u0161i oran\u017ea\u201d.<br \/>\nLieto\u0161ana: iz\u0161\u0137\u012bdiniet nepiecie\u0161amo kr\u0101svielas daudzumu neliel\u0101 \u016bdens vai cita \u0161\u0137idruma daudzum\u0101, p\u0113c tam ievadiet to produkt\u0101. Ieteicam\u0101 deva 0,003%-0,007% no produkta svara.<br \/>\n Sast\u0101vs: E110. Uzglab\u0101t saus\u0101, v\u0113s\u0101 viet\u0101. Der\u012bguma termi\u0146\u0161 4 gadi no izgatavo\u0161anas datuma.<br \/>\n*Var negat\u012bvi ietekm\u0113t b\u0113rnu aktivit\u0101ti un uzman\u012bbu.<br \/>\nMasa: 8g<br \/>\nRa\u017eot\u0101js: Food Colours, Polija<\/p>","protected":false},"excerpt":{"rendered":"<p>Saus\u0101 p\u0101rtikas kr\u0101sviela \u016bden\u012b \u0161\u0137\u012bsto\u0161a \u201cGai\u0161i oran\u017ea\u201d. Lieto\u0161ana: iz\u0161\u0137\u012bdiniet nepiecie\u0161amo kr\u0101svielas daudzumu neliel\u0101 \u016bdens vai cita \u0161\u0137idruma daudzum\u0101, p\u0113c tam ievadiet to produkt\u0101. Ieteicam\u0101 deva 0,003%-0,007% no produkta svara. Sast\u0101vs: E110. Uzglab\u0101t saus\u0101, v\u0113s\u0101 viet\u0101. Der\u012bguma termi\u0146\u0161 4 gadi no izgatavo\u0161anas datuma. * Var b\u016bt [\u2026]<\/p>","protected":false},"featured_media":5655,"template":"","meta":{"_seopress_robots_primary_cat":"","_seopress_titles_title":"","_seopress_titles_desc":"","_seopress_robots_index":""},"product_brand":[],"product_cat":[15,112],"product_tag":[],"class_list":{"0":"post-5668","1":"product","2":"type-product","3":"status-publish","4":"has-post-thumbnail","6":"product_cat-all-products","7":"product_cat-powder-water-soluble","9":"first","10":"instock","11":"taxable","12":"shipping-taxable","13":"purchasable","14":"product-type-simple"},"_links":{"self":[{"href":"https:\/\/candeebaar.ee\/lv\/wp-json\/wp\/v2\/product\/5668","targetHints":{"allow":["GET"]}}],"collection":[{"href":"https:\/\/candeebaar.ee\/lv\/wp-json\/wp\/v2\/product"}],"about":[{"href":"https:\/\/candeebaar.ee\/lv\/wp-json\/wp\/v2\/types\/product"}],"version-history":[{"count":1,"href":"https:\/\/candeebaar.ee\/lv\/wp-json\/wp\/v2\/product\/5668\/revisions"}],"predecessor-version":[{"id":5669,"href":"https:\/\/candeebaar.ee\/lv\/wp-json\/wp\/v2\/product\/5668\/revisions\/5669"}],"wp:featuredmedia":[{"embeddable":true,"href":"https:\/\/candeebaar.ee\/lv\/wp-json\/wp\/v2\/media\/5655"}],"wp:attachment":[{"href":"https:\/\/candeebaar.ee\/lv\/wp-json\/wp\/v2\/media?parent=5668"}],"wp:term":[{"taxonomy":"product_brand","embeddable":true,"href":"https:\/\/candeebaar.ee\/lv\/wp-json\/wp\/v2\/product_brand?post=5668"},{"taxonomy":"product_cat","embeddable":true,"href":"https:\/\/candeebaar.ee\/lv\/wp-json\/wp\/v2\/product_cat?post=5668"},{"taxonomy":"product_tag","embeddable":true,"href":"https:\/\/candeebaar.ee\/lv\/wp-json\/wp\/v2\/product_tag?post=5668"}],"curies":[{"name":"wp","href":"https:\/\/api.w.org\/{rel}","templated":true}]}}