{"id":5676,"date":"2024-12-31T20:10:25","date_gmt":"2024-12-31T20:10:25","guid":{"rendered":"https:\/\/storetest.ivi.ee\/product\/dry-dye-green-8g-food-colours\/"},"modified":"2026-02-16T14:03:16","modified_gmt":"2026-02-16T12:03:16","slug":"sausa-krasa-zala-8g-partikas-krasvielas","status":"publish","type":"product","link":"https:\/\/candeebaar.ee\/lv\/veikals\/sausa-krasa-zala-8g-partikas-krasvielas\/","title":{"rendered":"Saus\u0101 kr\u0101sa Za\u013c\u0101 8g P\u0101rtikas kr\u0101svielas"},"content":{"rendered":"<p>Saus\u0101 p\u0101rtikas kr\u0101sviela \u016bden\u012b \u0161\u0137\u012bsto\u0161a \u201cZa\u013ca\u201d.<br \/>\nLieto\u0161ana: iz\u0161\u0137\u012bdiniet nepiecie\u0161amo kr\u0101svielas daudzumu neliel\u0101 \u016bdens vai cita \u0161\u0137idruma daudzum\u0101, p\u0113c tam ievadiet to produkt\u0101. Ieteicam\u0101 deva 0,003%-0,007% no produkta svara.<br \/>\nSast\u0101vs: E104, E132. Uzglab\u0101t v\u0113s\u0101, saus\u0101 viet\u0101. Der\u012bguma termi\u0146\u0161 4 gadi no izgatavo\u0161anas datuma.<br \/>\n*Var negat\u012bvi ietekm\u0113t b\u0113rnu aktivit\u0101ti un uzman\u012bbu.<br \/>\nMasa: 8g<br \/>\nRa\u017eot\u0101js: Food Colours, Polija<\/p>","protected":false},"excerpt":{"rendered":"<p>Saus\u0101 p\u0101rtikas kr\u0101sviela \u016bden\u012b \u0161\u0137\u012bsto\u0161a \u201cZa\u013ca\u201d. Lieto\u0161ana: iz\u0161\u0137\u012bdiniet nepiecie\u0161amo kr\u0101svielas daudzumu neliel\u0101 \u016bdens vai cita \u0161\u0137idruma daudzum\u0101, p\u0113c tam ievadiet to produkt\u0101. Ieteicam\u0101 deva 0,003%-0,007% no produkta svara. Sast\u0101vs: E104, E132. Uzglab\u0101t v\u0113s\u0101, saus\u0101 viet\u0101. Der\u012bguma termi\u0146\u0161 4 gadi no izgatavo\u0161anas datuma. * Var b\u016bt [\u2026]<\/p>","protected":false},"featured_media":5655,"template":"","meta":{"_seopress_robots_primary_cat":"none","_seopress_titles_title":"","_seopress_titles_desc":"","_seopress_robots_index":""},"product_brand":[],"product_cat":[15,112],"product_tag":[],"class_list":{"0":"post-5676","1":"product","2":"type-product","3":"status-publish","4":"has-post-thumbnail","6":"product_cat-all-products","7":"product_cat-powder-water-soluble","9":"first","10":"instock","11":"taxable","12":"shipping-taxable","13":"purchasable","14":"product-type-simple"},"_links":{"self":[{"href":"https:\/\/candeebaar.ee\/lv\/wp-json\/wp\/v2\/product\/5676","targetHints":{"allow":["GET"]}}],"collection":[{"href":"https:\/\/candeebaar.ee\/lv\/wp-json\/wp\/v2\/product"}],"about":[{"href":"https:\/\/candeebaar.ee\/lv\/wp-json\/wp\/v2\/types\/product"}],"version-history":[{"count":1,"href":"https:\/\/candeebaar.ee\/lv\/wp-json\/wp\/v2\/product\/5676\/revisions"}],"predecessor-version":[{"id":5677,"href":"https:\/\/candeebaar.ee\/lv\/wp-json\/wp\/v2\/product\/5676\/revisions\/5677"}],"wp:featuredmedia":[{"embeddable":true,"href":"https:\/\/candeebaar.ee\/lv\/wp-json\/wp\/v2\/media\/5655"}],"wp:attachment":[{"href":"https:\/\/candeebaar.ee\/lv\/wp-json\/wp\/v2\/media?parent=5676"}],"wp:term":[{"taxonomy":"product_brand","embeddable":true,"href":"https:\/\/candeebaar.ee\/lv\/wp-json\/wp\/v2\/product_brand?post=5676"},{"taxonomy":"product_cat","embeddable":true,"href":"https:\/\/candeebaar.ee\/lv\/wp-json\/wp\/v2\/product_cat?post=5676"},{"taxonomy":"product_tag","embeddable":true,"href":"https:\/\/candeebaar.ee\/lv\/wp-json\/wp\/v2\/product_tag?post=5676"}],"curies":[{"name":"wp","href":"https:\/\/api.w.org\/{rel}","templated":true}]}}