{"id":5697,"date":"2024-12-31T20:10:31","date_gmt":"2024-12-31T20:10:31","guid":{"rendered":"https:\/\/storetest.ivi.ee\/product\/round-adjustable-metal-mold-25-34x8cm\/"},"modified":"2025-02-28T09:01:04","modified_gmt":"2025-02-28T07:01:04","slug":"apala-regulejama-metala-veidne-25-34x8cm","status":"publish","type":"product","link":"https:\/\/candeebaar.ee\/lv\/veikals\/apala-regulejama-metala-veidne-25-34x8cm\/","title":{"rendered":"Apa\u013ca regul\u0113jama met\u0101la veidne 25-34x8cm"},"content":{"rendered":"<p>Met\u0101la cep\u0161anas veidne biskv\u012bta k\u016bk\u0101m, k\u016bku mont\u0101\u017ea.<br \/>\n Regul\u0113jam\u0101 veidne \u013cauj izveidot jebkuru gredzenu ar diametru no 25 l\u012bdz 34cm un augstumu 8cm.<br \/>\n Izgriezumi pal\u012bdz vienm\u0113r\u012bgi nogriezt sl\u0101\u0146us.<br \/>\n Augstums: 8 cm<br \/>\n Lai regul\u0113tu regul\u0113jam\u0101 gredzena kust\u012bbas vieglumu, varat pievilkt vai atsl\u0101bin\u0101t blo\u0137\u0113\u0161anas kron\u0161teinus.<br \/>\n Materi\u0101ls: ner\u016bs\u0113jo\u0161ais t\u0113rauds<br \/>\n Ra\u017eot\u0101js: \u0136\u012bna<\/p>","protected":false},"excerpt":{"rendered":"<p>Met\u0101la cep\u0161anas veidne biskv\u012bta k\u016bk\u0101m, k\u016bku mont\u0101\u017ea. Regul\u0113jam\u0101 veidne \u013cauj izveidot jebkuru gredzenu ar diametru no 25 l\u012bdz 34cm un augstumu 8cm. Izgriezumi pal\u012bdz vienm\u0113r\u012bgi nogriezt sl\u0101\u0146us. Augstums: 8 cm Lai piel\u0101gotu regul\u0113jam\u0101 gredzena kust\u012bbas vieglumu, varat pievilkt vai atbr\u012bvot [\u2026]<\/p>","protected":false},"featured_media":5699,"template":"","meta":{"_seopress_robots_primary_cat":"","_seopress_titles_title":"","_seopress_titles_desc":"","_seopress_robots_index":""},"product_brand":[],"product_cat":[15,116],"product_tag":[],"class_list":{"0":"post-5697","1":"product","2":"type-product","3":"status-publish","4":"has-post-thumbnail","6":"product_cat-all-products","7":"product_cat-metal","9":"first","10":"instock","11":"sale","12":"taxable","13":"shipping-taxable","14":"purchasable","15":"product-type-simple"},"_links":{"self":[{"href":"https:\/\/candeebaar.ee\/lv\/wp-json\/wp\/v2\/product\/5697","targetHints":{"allow":["GET"]}}],"collection":[{"href":"https:\/\/candeebaar.ee\/lv\/wp-json\/wp\/v2\/product"}],"about":[{"href":"https:\/\/candeebaar.ee\/lv\/wp-json\/wp\/v2\/types\/product"}],"version-history":[{"count":1,"href":"https:\/\/candeebaar.ee\/lv\/wp-json\/wp\/v2\/product\/5697\/revisions"}],"predecessor-version":[{"id":5698,"href":"https:\/\/candeebaar.ee\/lv\/wp-json\/wp\/v2\/product\/5697\/revisions\/5698"}],"wp:featuredmedia":[{"embeddable":true,"href":"https:\/\/candeebaar.ee\/lv\/wp-json\/wp\/v2\/media\/5699"}],"wp:attachment":[{"href":"https:\/\/candeebaar.ee\/lv\/wp-json\/wp\/v2\/media?parent=5697"}],"wp:term":[{"taxonomy":"product_brand","embeddable":true,"href":"https:\/\/candeebaar.ee\/lv\/wp-json\/wp\/v2\/product_brand?post=5697"},{"taxonomy":"product_cat","embeddable":true,"href":"https:\/\/candeebaar.ee\/lv\/wp-json\/wp\/v2\/product_cat?post=5697"},{"taxonomy":"product_tag","embeddable":true,"href":"https:\/\/candeebaar.ee\/lv\/wp-json\/wp\/v2\/product_tag?post=5697"}],"curies":[{"name":"wp","href":"https:\/\/api.w.org\/{rel}","templated":true}]}}