{"id":5703,"date":"2024-12-31T20:10:31","date_gmt":"2024-12-31T20:10:31","guid":{"rendered":"https:\/\/storetest.ivi.ee\/product\/neutral-gel-200g-food-colours\/"},"modified":"2025-06-25T22:52:17","modified_gmt":"2025-06-25T20:52:17","slug":"neitrala-zeleja-200g-partikas-krasvielas","status":"publish","type":"product","link":"https:\/\/candeebaar.ee\/lv\/veikals\/neitrala-zeleja-200g-partikas-krasvielas\/","title":{"rendered":"Neitr\u0101ls g\u0113ls 200g P\u0101rtikas kr\u0101svielas"},"content":{"rendered":"<p>Neitr\u0101lo \u017eeleju izmanto da\u017e\u0101diem konditorejas izstr\u0101d\u0101jumiem.<br \/>\nSast\u0101vs: \u016bdens, kukur\u016bzas s\u012brups, modific\u0113ts kukur\u016bzas cietes biezin\u0101t\u0101js E1422, aromatiz\u0113t\u0101js, E322, E555, E202, E330.<br \/>\nMasa: 200g<br \/>\nUzglab\u0101t saus\u0101, v\u0113s\u0101, tum\u0161\u0101 viet\u0101 nosl\u0113gt\u0101 iepakojum\u0101.<\/p>","protected":false},"excerpt":{"rendered":"<p>Neitr\u0101lo \u017eeleju izmanto da\u017e\u0101diem konditorejas izstr\u0101d\u0101jumiem. Sast\u0101vs: \u016bdens, kukur\u016bzas s\u012brups, modific\u0113ts kukur\u016bzas cietes biezin\u0101t\u0101js E1422, aromatiz\u0113t\u0101js, E322, E555, E202, E330. Masa: 200g Uzglab\u0101t saus\u0101, v\u0113s\u0101, tum\u0161\u0101 viet\u0101 nosl\u0113gt\u0101 iepakojum\u0101.<\/p>","protected":false},"featured_media":5705,"template":"","meta":{"_seopress_robots_primary_cat":"","_seopress_titles_title":"","_seopress_titles_desc":"","_seopress_robots_index":""},"product_brand":[],"product_cat":[15,100],"product_tag":[],"class_list":{"0":"post-5703","1":"product","2":"type-product","3":"status-publish","4":"has-post-thumbnail","6":"product_cat-all-products","7":"product_cat-thickeners","9":"first","10":"outofstock","11":"taxable","12":"shipping-taxable","13":"purchasable","14":"product-type-simple"},"_links":{"self":[{"href":"https:\/\/candeebaar.ee\/lv\/wp-json\/wp\/v2\/product\/5703","targetHints":{"allow":["GET"]}}],"collection":[{"href":"https:\/\/candeebaar.ee\/lv\/wp-json\/wp\/v2\/product"}],"about":[{"href":"https:\/\/candeebaar.ee\/lv\/wp-json\/wp\/v2\/types\/product"}],"version-history":[{"count":1,"href":"https:\/\/candeebaar.ee\/lv\/wp-json\/wp\/v2\/product\/5703\/revisions"}],"predecessor-version":[{"id":5704,"href":"https:\/\/candeebaar.ee\/lv\/wp-json\/wp\/v2\/product\/5703\/revisions\/5704"}],"wp:featuredmedia":[{"embeddable":true,"href":"https:\/\/candeebaar.ee\/lv\/wp-json\/wp\/v2\/media\/5705"}],"wp:attachment":[{"href":"https:\/\/candeebaar.ee\/lv\/wp-json\/wp\/v2\/media?parent=5703"}],"wp:term":[{"taxonomy":"product_brand","embeddable":true,"href":"https:\/\/candeebaar.ee\/lv\/wp-json\/wp\/v2\/product_brand?post=5703"},{"taxonomy":"product_cat","embeddable":true,"href":"https:\/\/candeebaar.ee\/lv\/wp-json\/wp\/v2\/product_cat?post=5703"},{"taxonomy":"product_tag","embeddable":true,"href":"https:\/\/candeebaar.ee\/lv\/wp-json\/wp\/v2\/product_tag?post=5703"}],"curies":[{"name":"wp","href":"https:\/\/api.w.org\/{rel}","templated":true}]}}