{"id":5749,"date":"2024-12-31T20:10:46","date_gmt":"2024-12-31T20:10:46","guid":{"rendered":"https:\/\/storetest.ivi.ee\/product\/glossy-spray-100ml\/"},"modified":"2026-02-23T18:33:02","modified_gmt":"2026-02-23T16:33:02","slug":"spidigs-aerosols-100ml","status":"publish","type":"product","link":"https:\/\/candeebaar.ee\/lv\/veikals\/spidigs-aerosols-100ml\/","title":{"rendered":"Glossy Spray 100ml"},"content":{"rendered":"<p>Smidzin\u0101t\u0101js glanc\u0113tas virsmas veido\u0161anai uz \u0161okol\u0101des, marcip\u0101na, glaz\u016bras u.c.<br \/>\nPirms lieto\u0161anas k\u0101rt\u012bgi sakratiet, vienm\u0113r\u012bgi izsmidziniet no 15-20cm att\u0101luma un \u013caujiet no\u017e\u016bt.<br \/>\nKonteiners zem spiediena, uzliesmojo\u0161s, glab\u0101t b\u0113rniem nepieejam\u0101 viet\u0101.<br \/>\nSast\u0101vs: E943a, E944, E943b, etanols, E555, E904.<br \/>\nTilpums: 50ml<br \/>\nRa\u017eot\u0101js: Food Colours, Polija<\/p>","protected":false},"excerpt":{"rendered":"<p>Izsmidzin\u0101t sp\u012bd\u012bgas virsmas veido\u0161anai uz \u0161okol\u0101des, marcip\u0101na, glaz\u016bras u.c. Pirms lieto\u0161anas k\u0101rt\u012bgi sakratiet, vienm\u0113r\u012bgi izsmidziniet no 15-20cm att\u0101luma un \u013caujiet no\u017e\u016bt. Konteiners zem spiediena, uzliesmojo\u0161s, glab\u0101t b\u0113rniem nepieejam\u0101 viet\u0101. Sast\u0101vs: E943a, E944, E943b, etanols, E555, E904. Tilpums: 50ml Ra\u017eot\u0101js: Food Colours, Polija<\/p>","protected":false},"featured_media":5751,"template":"","meta":{"_seopress_robots_primary_cat":"none","_seopress_titles_title":"","_seopress_titles_desc":"","_seopress_robots_index":""},"product_brand":[],"product_cat":[15,111,110,84,109],"product_tag":[],"class_list":{"0":"post-5749","1":"product","2":"type-product","3":"status-publish","4":"has-post-thumbnail","6":"product_cat-all-products","7":"product_cat-cacao-mill","8":"product_cat-callebaut","9":"product_cat-tools","10":"product_cat-sale","12":"first","13":"outofstock","14":"sale","15":"taxable","16":"shipping-taxable","17":"purchasable","18":"product-type-simple"},"_links":{"self":[{"href":"https:\/\/candeebaar.ee\/lv\/wp-json\/wp\/v2\/product\/5749","targetHints":{"allow":["GET"]}}],"collection":[{"href":"https:\/\/candeebaar.ee\/lv\/wp-json\/wp\/v2\/product"}],"about":[{"href":"https:\/\/candeebaar.ee\/lv\/wp-json\/wp\/v2\/types\/product"}],"version-history":[{"count":1,"href":"https:\/\/candeebaar.ee\/lv\/wp-json\/wp\/v2\/product\/5749\/revisions"}],"predecessor-version":[{"id":5750,"href":"https:\/\/candeebaar.ee\/lv\/wp-json\/wp\/v2\/product\/5749\/revisions\/5750"}],"wp:featuredmedia":[{"embeddable":true,"href":"https:\/\/candeebaar.ee\/lv\/wp-json\/wp\/v2\/media\/5751"}],"wp:attachment":[{"href":"https:\/\/candeebaar.ee\/lv\/wp-json\/wp\/v2\/media?parent=5749"}],"wp:term":[{"taxonomy":"product_brand","embeddable":true,"href":"https:\/\/candeebaar.ee\/lv\/wp-json\/wp\/v2\/product_brand?post=5749"},{"taxonomy":"product_cat","embeddable":true,"href":"https:\/\/candeebaar.ee\/lv\/wp-json\/wp\/v2\/product_cat?post=5749"},{"taxonomy":"product_tag","embeddable":true,"href":"https:\/\/candeebaar.ee\/lv\/wp-json\/wp\/v2\/product_tag?post=5749"}],"curies":[{"name":"wp","href":"https:\/\/api.w.org\/{rel}","templated":true}]}}