{"id":5755,"date":"2024-12-31T20:10:46","date_gmt":"2024-12-31T20:10:46","guid":{"rendered":"https:\/\/storetest.ivi.ee\/product\/peony-petals-20g\/"},"modified":"2025-03-15T15:59:55","modified_gmt":"2025-03-15T13:59:55","slug":"peonijas-ziedlapinas-20g","status":"publish","type":"product","link":"https:\/\/candeebaar.ee\/lv\/veikals\/peonijas-ziedlapinas-20g\/","title":{"rendered":"Peonijas ziedlapi\u0146as 20g"},"content":{"rendered":"<p>Dab\u012bg\u0101s peonijas ziedlapi\u0146as ir lieliski piem\u0113rotas desertu dekor\u0113\u0161anai, t\u0101m ir br\u012bni\u0161\u0137\u012bga gar\u0161a, turkl\u0101t t\u0101s ir labv\u0113l\u012bgas ar\u012b vesel\u012bbai!<br \/>\n Tie satur vitam\u012bnus, miner\u0101ls\u0101\u013cus, \u0161\u0137iedrvielas un g\u013cot\u0101das vielas. Ziedos eso\u0161ajiem flavono\u012bdiem piem\u012bt antioksidanta \u012bpa\u0161\u012bbas.<br \/>\n Sast\u0101vs: peonijas ziedlapi\u0146as (kalt\u0113tas)<br \/>\n Izcelsme: \u0136\u012bna<br \/>\n Masa: 20g<\/p>","protected":false},"excerpt":{"rendered":"<p>Dab\u012bg\u0101s peonijas ziedlapi\u0146as ir lieliski piem\u0113rotas desertu dekor\u0113\u0161anai, t\u0101m ir br\u012bni\u0161\u0137\u012bga gar\u0161a, turkl\u0101t t\u0101s ir labv\u0113l\u012bgas ar\u012b vesel\u012bbai! Tie satur vitam\u012bnus, miner\u0101ls\u0101\u013cus, \u0161\u0137iedrvielas un g\u013cot\u0101das vielas. Ziedos eso\u0161ajiem flavono\u012bdiem piem\u012bt antioksidanta \u012bpa\u0161\u012bbas. Sast\u0101vs: peonijas ziedlapi\u0146as (kalt\u0113tas) Izcelsme: \u0136\u012bna Masa: 20g<\/p>","protected":false},"featured_media":5757,"template":"","meta":{"_seopress_robots_primary_cat":"","_seopress_titles_title":"","_seopress_titles_desc":"","_seopress_robots_index":""},"product_brand":[],"product_cat":[15,98],"product_tag":[],"class_list":{"0":"post-5755","1":"product","2":"type-product","3":"status-publish","4":"has-post-thumbnail","6":"product_cat-all-products","7":"product_cat-dry-and-sublimated-products","9":"first","10":"outofstock","11":"taxable","12":"shipping-taxable","13":"purchasable","14":"product-type-simple"},"_links":{"self":[{"href":"https:\/\/candeebaar.ee\/lv\/wp-json\/wp\/v2\/product\/5755","targetHints":{"allow":["GET"]}}],"collection":[{"href":"https:\/\/candeebaar.ee\/lv\/wp-json\/wp\/v2\/product"}],"about":[{"href":"https:\/\/candeebaar.ee\/lv\/wp-json\/wp\/v2\/types\/product"}],"version-history":[{"count":1,"href":"https:\/\/candeebaar.ee\/lv\/wp-json\/wp\/v2\/product\/5755\/revisions"}],"predecessor-version":[{"id":5756,"href":"https:\/\/candeebaar.ee\/lv\/wp-json\/wp\/v2\/product\/5755\/revisions\/5756"}],"wp:featuredmedia":[{"embeddable":true,"href":"https:\/\/candeebaar.ee\/lv\/wp-json\/wp\/v2\/media\/5757"}],"wp:attachment":[{"href":"https:\/\/candeebaar.ee\/lv\/wp-json\/wp\/v2\/media?parent=5755"}],"wp:term":[{"taxonomy":"product_brand","embeddable":true,"href":"https:\/\/candeebaar.ee\/lv\/wp-json\/wp\/v2\/product_brand?post=5755"},{"taxonomy":"product_cat","embeddable":true,"href":"https:\/\/candeebaar.ee\/lv\/wp-json\/wp\/v2\/product_cat?post=5755"},{"taxonomy":"product_tag","embeddable":true,"href":"https:\/\/candeebaar.ee\/lv\/wp-json\/wp\/v2\/product_tag?post=5755"}],"curies":[{"name":"wp","href":"https:\/\/api.w.org\/{rel}","templated":true}]}}