{"id":5770,"date":"2024-12-31T20:10:46","date_gmt":"2024-12-31T20:10:46","guid":{"rendered":"https:\/\/storetest.ivi.ee\/product\/box-for-cake-20-20-10-with-window\/"},"modified":"2026-04-01T14:34:02","modified_gmt":"2026-04-01T12:34:02","slug":"kaste-kukai-20-20-10-ar-logu","status":"publish","type":"product","link":"https:\/\/candeebaar.ee\/lv\/veikals\/kaste-kukai-20-20-10-ar-logu\/","title":{"rendered":"Kaste k\u016bkai 20 20 10 ar logu"},"content":{"rendered":"<p>Kaste k\u016bkai ar logu.<br \/>\nSast\u0101v no 2 da\u013c\u0101m, iztur\u012bga un \u0113rta lieto\u0161an\u0101.<br \/>\nMateri\u0101ls: mikro gofr\u0113ts kartons<br \/>\nIzm\u0113rs (w\/h\/d): 20x20x10cm<\/p>","protected":false},"excerpt":{"rendered":"<p>Kaste k\u016bkai ar logu. Sast\u0101v no 2 da\u013c\u0101m, iztur\u012bga un \u0113rta lieto\u0161an\u0101. Materi\u0101ls: mikrogofr\u0113ts kartons Izm\u0113rs (w\/h\/d): 20x20x10cm<\/p>","protected":false},"featured_media":5772,"template":"","meta":{"_seopress_robots_primary_cat":"none","_seopress_titles_title":"","_seopress_titles_desc":"","_seopress_robots_index":""},"product_brand":[],"product_cat":[15,130],"product_tag":[],"class_list":{"0":"post-5770","1":"product","2":"type-product","3":"status-publish","4":"has-post-thumbnail","6":"product_cat-all-products","7":"product_cat-20-24cm-base","9":"first","10":"outofstock","11":"taxable","12":"shipping-taxable","13":"purchasable","14":"product-type-simple"},"_links":{"self":[{"href":"https:\/\/candeebaar.ee\/lv\/wp-json\/wp\/v2\/product\/5770","targetHints":{"allow":["GET"]}}],"collection":[{"href":"https:\/\/candeebaar.ee\/lv\/wp-json\/wp\/v2\/product"}],"about":[{"href":"https:\/\/candeebaar.ee\/lv\/wp-json\/wp\/v2\/types\/product"}],"version-history":[{"count":2,"href":"https:\/\/candeebaar.ee\/lv\/wp-json\/wp\/v2\/product\/5770\/revisions"}],"predecessor-version":[{"id":10227,"href":"https:\/\/candeebaar.ee\/lv\/wp-json\/wp\/v2\/product\/5770\/revisions\/10227"}],"wp:featuredmedia":[{"embeddable":true,"href":"https:\/\/candeebaar.ee\/lv\/wp-json\/wp\/v2\/media\/5772"}],"wp:attachment":[{"href":"https:\/\/candeebaar.ee\/lv\/wp-json\/wp\/v2\/media?parent=5770"}],"wp:term":[{"taxonomy":"product_brand","embeddable":true,"href":"https:\/\/candeebaar.ee\/lv\/wp-json\/wp\/v2\/product_brand?post=5770"},{"taxonomy":"product_cat","embeddable":true,"href":"https:\/\/candeebaar.ee\/lv\/wp-json\/wp\/v2\/product_cat?post=5770"},{"taxonomy":"product_tag","embeddable":true,"href":"https:\/\/candeebaar.ee\/lv\/wp-json\/wp\/v2\/product_tag?post=5770"}],"curies":[{"name":"wp","href":"https:\/\/api.w.org\/{rel}","templated":true}]}}