{"id":5775,"date":"2024-12-31T20:10:46","date_gmt":"2024-12-31T20:10:46","guid":{"rendered":"https:\/\/storetest.ivi.ee\/product\/cake-box-30-30-13-with-window\/"},"modified":"2026-04-13T21:19:44","modified_gmt":"2026-04-13T19:19:44","slug":"kuku-kaste-30-30-13-ar-logu","status":"publish","type":"product","link":"https:\/\/candeebaar.ee\/lv\/veikals\/kuku-kaste-30-30-13-ar-logu\/","title":{"rendered":"K\u016bku kaste 30 30 13 ar logu"},"content":{"rendered":"<p>K\u016bku kaste ar logu.<br \/>\nSast\u0101v no 2 da\u013c\u0101m, iztur\u012bga un viegli lietojama.<br \/>\nMateri\u0101ls: mikro gofr\u0113ts kartons<br \/>\nIzm\u0113rs (wxhxp): 30x30x13cm<\/p>","protected":false},"excerpt":{"rendered":"<p>K\u016bku kaste ar logu. Sast\u0101v no 2 da\u013c\u0101m, iztur\u012bga un viegli lietojama. Materi\u0101ls: mikrogofr\u0113ts kartons Izm\u0113rs (wxhxp): 30x30x13cm<\/p>","protected":false},"featured_media":5772,"template":"","meta":{"_seopress_robots_primary_cat":"none","_seopress_titles_title":"","_seopress_titles_desc":"","_seopress_robots_index":""},"product_brand":[],"product_cat":[15,134],"product_tag":[],"class_list":{"0":"post-5775","1":"product","2":"type-product","3":"status-publish","4":"has-post-thumbnail","6":"product_cat-all-products","7":"product_cat-30cm-base","9":"first","10":"instock","11":"taxable","12":"shipping-taxable","13":"purchasable","14":"product-type-simple"},"_links":{"self":[{"href":"https:\/\/candeebaar.ee\/lv\/wp-json\/wp\/v2\/product\/5775","targetHints":{"allow":["GET"]}}],"collection":[{"href":"https:\/\/candeebaar.ee\/lv\/wp-json\/wp\/v2\/product"}],"about":[{"href":"https:\/\/candeebaar.ee\/lv\/wp-json\/wp\/v2\/types\/product"}],"version-history":[{"count":2,"href":"https:\/\/candeebaar.ee\/lv\/wp-json\/wp\/v2\/product\/5775\/revisions"}],"predecessor-version":[{"id":10246,"href":"https:\/\/candeebaar.ee\/lv\/wp-json\/wp\/v2\/product\/5775\/revisions\/10246"}],"wp:featuredmedia":[{"embeddable":true,"href":"https:\/\/candeebaar.ee\/lv\/wp-json\/wp\/v2\/media\/5772"}],"wp:attachment":[{"href":"https:\/\/candeebaar.ee\/lv\/wp-json\/wp\/v2\/media?parent=5775"}],"wp:term":[{"taxonomy":"product_brand","embeddable":true,"href":"https:\/\/candeebaar.ee\/lv\/wp-json\/wp\/v2\/product_brand?post=5775"},{"taxonomy":"product_cat","embeddable":true,"href":"https:\/\/candeebaar.ee\/lv\/wp-json\/wp\/v2\/product_cat?post=5775"},{"taxonomy":"product_tag","embeddable":true,"href":"https:\/\/candeebaar.ee\/lv\/wp-json\/wp\/v2\/product_tag?post=5775"}],"curies":[{"name":"wp","href":"https:\/\/api.w.org\/{rel}","templated":true}]}}