{"id":5779,"date":"2024-12-31T20:10:46","date_gmt":"2024-12-31T20:10:46","guid":{"rendered":"https:\/\/storetest.ivi.ee\/product\/base-280x3mm-reinforced-white-daisy\/"},"modified":"2026-04-05T20:53:37","modified_gmt":"2026-04-05T18:53:37","slug":"pamatne-280x3mm-pastiprinata-balta-margrietina","status":"publish","type":"product","link":"https:\/\/candeebaar.ee\/lv\/veikals\/pamatne-280x3mm-pastiprinata-balta-margrietina\/","title":{"rendered":"Cake Board 280x3mm pastiprin\u0101ta balta &quot;Daisy&quot;"},"content":{"rendered":"<p>Divpus\u0113ja pamatne no pastiprin\u0101ta gofr\u0113t\u0101 kartona.<br \/>\nNepiecie\u0161ams pareizai desertu uzglab\u0101\u0161anai, transport\u0113\u0161anai un pasnieg\u0161anai.<br \/>\nBiezums: 3mm<br \/>\nDiametrs: 280 mm<br \/>\nKr\u0101sa: balta<\/p>","protected":false},"excerpt":{"rendered":"<p>Divpus\u0113ja pamatne no pastiprin\u0101ta gofr\u0113t\u0101 kartona. Nepiecie\u0161ams pareizai desertu uzglab\u0101\u0161anai, transport\u0113\u0161anai un pasnieg\u0161anai. Biezums: 3mm Diametrs: 280mm Kr\u0101sa: balta<\/p>","protected":false},"featured_media":5781,"template":"","meta":{"_seopress_robots_primary_cat":"none","_seopress_titles_title":"","_seopress_titles_desc":"","_seopress_robots_index":""},"product_brand":[],"product_cat":[15,146],"product_tag":[],"class_list":{"0":"post-5779","1":"product","2":"type-product","3":"status-publish","4":"has-post-thumbnail","6":"product_cat-all-products","7":"product_cat-28cm","9":"first","10":"instock","11":"taxable","12":"shipping-taxable","13":"purchasable","14":"product-type-simple"},"_links":{"self":[{"href":"https:\/\/candeebaar.ee\/lv\/wp-json\/wp\/v2\/product\/5779","targetHints":{"allow":["GET"]}}],"collection":[{"href":"https:\/\/candeebaar.ee\/lv\/wp-json\/wp\/v2\/product"}],"about":[{"href":"https:\/\/candeebaar.ee\/lv\/wp-json\/wp\/v2\/types\/product"}],"version-history":[{"count":2,"href":"https:\/\/candeebaar.ee\/lv\/wp-json\/wp\/v2\/product\/5779\/revisions"}],"predecessor-version":[{"id":9148,"href":"https:\/\/candeebaar.ee\/lv\/wp-json\/wp\/v2\/product\/5779\/revisions\/9148"}],"wp:featuredmedia":[{"embeddable":true,"href":"https:\/\/candeebaar.ee\/lv\/wp-json\/wp\/v2\/media\/5781"}],"wp:attachment":[{"href":"https:\/\/candeebaar.ee\/lv\/wp-json\/wp\/v2\/media?parent=5779"}],"wp:term":[{"taxonomy":"product_brand","embeddable":true,"href":"https:\/\/candeebaar.ee\/lv\/wp-json\/wp\/v2\/product_brand?post=5779"},{"taxonomy":"product_cat","embeddable":true,"href":"https:\/\/candeebaar.ee\/lv\/wp-json\/wp\/v2\/product_cat?post=5779"},{"taxonomy":"product_tag","embeddable":true,"href":"https:\/\/candeebaar.ee\/lv\/wp-json\/wp\/v2\/product_tag?post=5779"}],"curies":[{"name":"wp","href":"https:\/\/api.w.org\/{rel}","templated":true}]}}