{"id":5797,"date":"2024-12-31T20:10:53","date_gmt":"2024-12-31T20:10:53","guid":{"rendered":"https:\/\/storetest.ivi.ee\/product\/cake-box-with-window-25-25-12cm\/"},"modified":"2026-04-14T11:45:35","modified_gmt":"2026-04-14T09:45:35","slug":"kuku-kaste-ar-logu-25-25-12cm","status":"publish","type":"product","link":"https:\/\/candeebaar.ee\/lv\/veikals\/kuku-kaste-ar-logu-25-25-12cm\/","title":{"rendered":"K\u016bku kaste ar logu 25 25 12cm"},"content":{"rendered":"<p>Plastmasas logu k\u016bku kaste maz\u0101m k\u016bci\u0146\u0101m.<br \/>\nIzm\u0113rs: 25x25x12cm<br \/>\nMateri\u0101ls: kartons<br \/>\nKr\u0101sa: balta<\/p>","protected":false},"excerpt":{"rendered":"<p>Plastmasas logu k\u016bku kaste maz\u0101m k\u016bci\u0146\u0101m. Izm\u0113rs: 25x25x12cm Materi\u0101ls: kartons Kr\u0101sa: balta<\/p>","protected":false},"featured_media":5135,"template":"","meta":{"_seopress_robots_primary_cat":"none","_seopress_titles_title":"","_seopress_titles_desc":"","_seopress_robots_index":""},"product_brand":[],"product_cat":[15,131],"product_tag":[],"class_list":{"0":"post-5797","1":"product","2":"type-product","3":"status-publish","4":"has-post-thumbnail","6":"product_cat-all-products","7":"product_cat-25cm-base","9":"first","10":"instock","11":"taxable","12":"shipping-taxable","13":"purchasable","14":"product-type-simple"},"_links":{"self":[{"href":"https:\/\/candeebaar.ee\/lv\/wp-json\/wp\/v2\/product\/5797","targetHints":{"allow":["GET"]}}],"collection":[{"href":"https:\/\/candeebaar.ee\/lv\/wp-json\/wp\/v2\/product"}],"about":[{"href":"https:\/\/candeebaar.ee\/lv\/wp-json\/wp\/v2\/types\/product"}],"version-history":[{"count":1,"href":"https:\/\/candeebaar.ee\/lv\/wp-json\/wp\/v2\/product\/5797\/revisions"}],"predecessor-version":[{"id":5798,"href":"https:\/\/candeebaar.ee\/lv\/wp-json\/wp\/v2\/product\/5797\/revisions\/5798"}],"wp:featuredmedia":[{"embeddable":true,"href":"https:\/\/candeebaar.ee\/lv\/wp-json\/wp\/v2\/media\/5135"}],"wp:attachment":[{"href":"https:\/\/candeebaar.ee\/lv\/wp-json\/wp\/v2\/media?parent=5797"}],"wp:term":[{"taxonomy":"product_brand","embeddable":true,"href":"https:\/\/candeebaar.ee\/lv\/wp-json\/wp\/v2\/product_brand?post=5797"},{"taxonomy":"product_cat","embeddable":true,"href":"https:\/\/candeebaar.ee\/lv\/wp-json\/wp\/v2\/product_cat?post=5797"},{"taxonomy":"product_tag","embeddable":true,"href":"https:\/\/candeebaar.ee\/lv\/wp-json\/wp\/v2\/product_tag?post=5797"}],"curies":[{"name":"wp","href":"https:\/\/api.w.org\/{rel}","templated":true}]}}