{"id":5809,"date":"2024-12-31T20:10:53","date_gmt":"2024-12-31T20:10:53","guid":{"rendered":"https:\/\/storetest.ivi.ee\/product\/ewald-gelatin-50g-powdered\/"},"modified":"2026-04-07T18:37:43","modified_gmt":"2026-04-07T16:37:43","slug":"ewald-zelatins-50g-pulveris","status":"publish","type":"product","link":"https:\/\/candeebaar.ee\/lv\/veikals\/ewald-zelatins-50g-pulveris\/","title":{"rendered":"Ewald \u017eelat\u012bns 50g pulveris"},"content":{"rendered":"<p>Sp\u0113ks: 220 ziedi<br \/>\nSp\u0113c\u012bgs pulverveida \u017eelat\u012bns.<br \/>\nProfesion\u0101lai lieto\u0161anai.<br \/>\nMasa: 50g<br \/>\nSast\u0101vs: \u017eelat\u012bns<br \/>\nRa\u017eot\u0101js: V\u0101cija<\/p>\n<p>&nbsp;<\/p>\n<p>&nbsp;<\/p>","protected":false},"excerpt":{"rendered":"<p>Stiprums: 220 bloom Sp\u0113c\u012bgs pulverveida \u017eelat\u012bns. Profesion\u0101lai lieto\u0161anai. Masa: 50g Sast\u0101vs: \u017eelat\u012bns Ra\u017eot\u0101js: V\u0101cija &nbsp; &nbsp;<\/p>","protected":false},"featured_media":5811,"template":"","meta":{"_seopress_robots_primary_cat":"none","_seopress_titles_title":"","_seopress_titles_desc":"","_seopress_robots_index":""},"product_brand":[],"product_cat":[15,100],"product_tag":[],"class_list":{"0":"post-5809","1":"product","2":"type-product","3":"status-publish","4":"has-post-thumbnail","6":"product_cat-all-products","7":"product_cat-thickeners","9":"first","10":"instock","11":"taxable","12":"shipping-taxable","13":"purchasable","14":"product-type-simple"},"_links":{"self":[{"href":"https:\/\/candeebaar.ee\/lv\/wp-json\/wp\/v2\/product\/5809","targetHints":{"allow":["GET"]}}],"collection":[{"href":"https:\/\/candeebaar.ee\/lv\/wp-json\/wp\/v2\/product"}],"about":[{"href":"https:\/\/candeebaar.ee\/lv\/wp-json\/wp\/v2\/types\/product"}],"version-history":[{"count":1,"href":"https:\/\/candeebaar.ee\/lv\/wp-json\/wp\/v2\/product\/5809\/revisions"}],"predecessor-version":[{"id":5810,"href":"https:\/\/candeebaar.ee\/lv\/wp-json\/wp\/v2\/product\/5809\/revisions\/5810"}],"wp:featuredmedia":[{"embeddable":true,"href":"https:\/\/candeebaar.ee\/lv\/wp-json\/wp\/v2\/media\/5811"}],"wp:attachment":[{"href":"https:\/\/candeebaar.ee\/lv\/wp-json\/wp\/v2\/media?parent=5809"}],"wp:term":[{"taxonomy":"product_brand","embeddable":true,"href":"https:\/\/candeebaar.ee\/lv\/wp-json\/wp\/v2\/product_brand?post=5809"},{"taxonomy":"product_cat","embeddable":true,"href":"https:\/\/candeebaar.ee\/lv\/wp-json\/wp\/v2\/product_cat?post=5809"},{"taxonomy":"product_tag","embeddable":true,"href":"https:\/\/candeebaar.ee\/lv\/wp-json\/wp\/v2\/product_tag?post=5809"}],"curies":[{"name":"wp","href":"https:\/\/api.w.org\/{rel}","templated":true}]}}