{"id":5812,"date":"2024-12-31T20:10:53","date_gmt":"2024-12-31T20:10:53","guid":{"rendered":"https:\/\/storetest.ivi.ee\/product\/fruit-pectin-nh-sosa-100g\/"},"modified":"2026-04-07T20:31:52","modified_gmt":"2026-04-07T18:31:52","slug":"auglu-pektins-nh-sosa-100g","status":"publish","type":"product","link":"https:\/\/candeebaar.ee\/lv\/veikals\/auglu-pektins-nh-sosa-100g\/","title":{"rendered":"Aug\u013cu pekt\u012bns NH SOSA 100g"},"content":{"rendered":"<div class=\"product-content\">\n<div class=\"row-fluid\">\n<div class=\"span8\">\n<div class=\"user-inner\"><\/div>\n<\/div>\n<\/div>\n<\/div>\n<div class=\"tab-content\">\n<div id=\"desc\" class=\"tab-pane active\" role=\"tabpanel\">\n<div id=\"product-full-desc\" class=\"user-inner\" data-ng-non-bindable=\"\">\n<p style=\"padding-left: 30px;\">Pekt\u012bns NH, augu izcelsmes.<br \/>\nMasa: 100g<br \/>\n<a href=\"https:\/\/www.sosa.cat\/en-ww\/tag\/fruit-pectin-nh\/\">Receptes ar pekt\u012bnu no ofici\u0101l\u0101s SOSA vietnes.<\/a><\/p>\n<p style=\"padding-left: 30px;\">Ra\u017eot\u0101js: Sosa, Sp\u0101nija<\/p>\n<\/div>\n<\/div>\n<\/div>","protected":false},"excerpt":{"rendered":"<p>Pekt\u012bns NH, augu izcelsmes. Masa: 100g Receptes, izmantojot pekt\u012bnu no ofici\u0101l\u0101s SOSA vietnes. Ra\u017eot\u0101js: Sosa, Sp\u0101nija<\/p>","protected":false},"featured_media":5814,"template":"","meta":{"_seopress_robots_primary_cat":"none","_seopress_titles_title":"","_seopress_titles_desc":"","_seopress_robots_index":""},"product_brand":[],"product_cat":[15,100],"product_tag":[],"class_list":{"0":"post-5812","1":"product","2":"type-product","3":"status-publish","4":"has-post-thumbnail","6":"product_cat-all-products","7":"product_cat-thickeners","9":"first","10":"instock","11":"taxable","12":"shipping-taxable","13":"purchasable","14":"product-type-simple"},"_links":{"self":[{"href":"https:\/\/candeebaar.ee\/lv\/wp-json\/wp\/v2\/product\/5812","targetHints":{"allow":["GET"]}}],"collection":[{"href":"https:\/\/candeebaar.ee\/lv\/wp-json\/wp\/v2\/product"}],"about":[{"href":"https:\/\/candeebaar.ee\/lv\/wp-json\/wp\/v2\/types\/product"}],"version-history":[{"count":1,"href":"https:\/\/candeebaar.ee\/lv\/wp-json\/wp\/v2\/product\/5812\/revisions"}],"predecessor-version":[{"id":5813,"href":"https:\/\/candeebaar.ee\/lv\/wp-json\/wp\/v2\/product\/5812\/revisions\/5813"}],"wp:featuredmedia":[{"embeddable":true,"href":"https:\/\/candeebaar.ee\/lv\/wp-json\/wp\/v2\/media\/5814"}],"wp:attachment":[{"href":"https:\/\/candeebaar.ee\/lv\/wp-json\/wp\/v2\/media?parent=5812"}],"wp:term":[{"taxonomy":"product_brand","embeddable":true,"href":"https:\/\/candeebaar.ee\/lv\/wp-json\/wp\/v2\/product_brand?post=5812"},{"taxonomy":"product_cat","embeddable":true,"href":"https:\/\/candeebaar.ee\/lv\/wp-json\/wp\/v2\/product_cat?post=5812"},{"taxonomy":"product_tag","embeddable":true,"href":"https:\/\/candeebaar.ee\/lv\/wp-json\/wp\/v2\/product_tag?post=5812"}],"curies":[{"name":"wp","href":"https:\/\/api.w.org\/{rel}","templated":true}]}}