{"id":5819,"date":"2024-12-31T20:10:53","date_gmt":"2024-12-31T20:10:53","guid":{"rendered":"https:\/\/storetest.ivi.ee\/product\/burger-box-for-bento-cake-155x77mm\/"},"modified":"2026-03-09T21:28:25","modified_gmt":"2026-03-09T19:28:25","slug":"burgeru-kastite-bento-kukai-155x77mm","status":"publish","type":"product","link":"https:\/\/candeebaar.ee\/lv\/veikals\/burgeru-kastite-bento-kukai-155x77mm\/","title":{"rendered":"Burgeru kast\u012bte Bento k\u016bkai 155x77mm"},"content":{"rendered":"<p>Divda\u013c\u012bga kast\u012bte, kas piem\u0113rota mini bento k\u016bk\u0101m.<br \/>\nMateri\u0101ls: cukurniedres<br \/>\nKr\u0101sa: balta<br \/>\nIzm\u0113rs (wxpxh): 155x155x77mm<br \/>\nK\u016bkas diametrs: 90mm<br \/>\nM\u0113s iesak\u0101m pas\u016bt\u012bt vismaz 5 gabalus, pret\u0113j\u0101 gad\u012bjum\u0101 past\u0101v liels boj\u0101jumu risks transport\u0113\u0161anas laik\u0101.<br \/>\n<iframe src=\"\/\/www.youtube.com\/embed\/pMYV1-yZsdo\" width=\"560\" height=\"314\" allowfullscreen=\"allowfullscreen\"><\/iframe><\/p>","protected":false},"excerpt":{"rendered":"<p>Divda\u013c\u012bga kast\u012bte, kas piem\u0113rota mini bento k\u016bk\u0101m. Materi\u0101ls: cukurniedres Kr\u0101sa: balta Izm\u0113rs (wxdxh): 155x155x77mm Tortes diametrs: 90mm Iesak\u0101m pas\u016bt\u012bt vismaz 5 gab, pret\u0113j\u0101 gad\u012bjum\u0101 past\u0101v liels boj\u0101jumu risks transport\u0113\u0161anas laik\u0101.<\/p>","protected":false},"featured_media":10866,"template":"","meta":{"_seopress_robots_primary_cat":"none","_seopress_titles_title":"","_seopress_titles_desc":"","_seopress_robots_index":""},"product_brand":[],"product_cat":[15,129],"product_tag":[],"class_list":{"0":"post-5819","1":"product","2":"type-product","3":"status-publish","4":"has-post-thumbnail","6":"product_cat-all-products","7":"product_cat-small-and-bento-size","9":"first","10":"instock","11":"taxable","12":"shipping-taxable","13":"purchasable","14":"product-type-simple"},"_links":{"self":[{"href":"https:\/\/candeebaar.ee\/lv\/wp-json\/wp\/v2\/product\/5819","targetHints":{"allow":["GET"]}}],"collection":[{"href":"https:\/\/candeebaar.ee\/lv\/wp-json\/wp\/v2\/product"}],"about":[{"href":"https:\/\/candeebaar.ee\/lv\/wp-json\/wp\/v2\/types\/product"}],"version-history":[{"count":2,"href":"https:\/\/candeebaar.ee\/lv\/wp-json\/wp\/v2\/product\/5819\/revisions"}],"predecessor-version":[{"id":10852,"href":"https:\/\/candeebaar.ee\/lv\/wp-json\/wp\/v2\/product\/5819\/revisions\/10852"}],"wp:featuredmedia":[{"embeddable":true,"href":"https:\/\/candeebaar.ee\/lv\/wp-json\/wp\/v2\/media\/10866"}],"wp:attachment":[{"href":"https:\/\/candeebaar.ee\/lv\/wp-json\/wp\/v2\/media?parent=5819"}],"wp:term":[{"taxonomy":"product_brand","embeddable":true,"href":"https:\/\/candeebaar.ee\/lv\/wp-json\/wp\/v2\/product_brand?post=5819"},{"taxonomy":"product_cat","embeddable":true,"href":"https:\/\/candeebaar.ee\/lv\/wp-json\/wp\/v2\/product_cat?post=5819"},{"taxonomy":"product_tag","embeddable":true,"href":"https:\/\/candeebaar.ee\/lv\/wp-json\/wp\/v2\/product_tag?post=5819"}],"curies":[{"name":"wp","href":"https:\/\/api.w.org\/{rel}","templated":true}]}}