{"id":5828,"date":"2024-12-31T20:10:53","date_gmt":"2024-12-31T20:10:53","guid":{"rendered":"https:\/\/storetest.ivi.ee\/product\/silicone-mold-animals\/"},"modified":"2026-01-13T18:09:16","modified_gmt":"2026-01-13T16:09:16","slug":"silikona-pelejuma-dzivnieki","status":"publish","type":"product","link":"https:\/\/candeebaar.ee\/lv\/veikals\/silikona-pelejuma-dzivnieki\/","title":{"rendered":"Silikona veidne &quot;Dz\u012bvnieki&quot;"},"content":{"rendered":"<p>Veidne dz\u012bvnieku izgatavo\u0161anai, kas ir lieliski piem\u0113roti desertu dekor\u0113\u0161anai, k\u0101 ar\u012b atsevi\u0161\u0137iem priek\u0161metiem.<br \/>\nIzm\u0113rs: 190x100x15mm<br \/>\nTemperat\u016bras diapazons: no -40\u00b0 l\u012bdz 250\u00b0C<br \/>\nVar mazg\u0101t trauku mazg\u0101jam\u0101 ma\u0161\u012bn\u0101.<br \/>\nMateri\u0101ls: p\u0101rtikas silikons.<\/p>","protected":false},"excerpt":{"rendered":"<p>Veidne dz\u012bvnieku izgatavo\u0161anai, kas ir lieliski piem\u0113roti desertu dekor\u0113\u0161anai, k\u0101 ar\u012b atsevi\u0161\u0137iem priek\u0161metiem. Izm\u0113rs: 190x100x15mm Temperat\u016bras diapazons: no -40\u00b0 l\u012bdz 250\u00b0C Dro\u0161s trauku mazg\u0101jamaj\u0101 ma\u0161\u012bn\u0101. Materi\u0101ls: p\u0101rtikas silikons.<\/p>","protected":false},"featured_media":5825,"template":"","meta":{"_seopress_robots_primary_cat":"","_seopress_titles_title":"","_seopress_titles_desc":"","_seopress_robots_index":""},"product_brand":[],"product_cat":[15,82,125,127],"product_tag":[],"class_list":{"0":"post-5828","1":"product","2":"type-product","3":"status-publish","4":"has-post-thumbnail","6":"product_cat-all-products","7":"product_cat-chocolate-molds","8":"product_cat-nature","9":"product_cat-ornament","11":"first","12":"outofstock","13":"taxable","14":"shipping-taxable","15":"purchasable","16":"product-type-simple"},"_links":{"self":[{"href":"https:\/\/candeebaar.ee\/lv\/wp-json\/wp\/v2\/product\/5828","targetHints":{"allow":["GET"]}}],"collection":[{"href":"https:\/\/candeebaar.ee\/lv\/wp-json\/wp\/v2\/product"}],"about":[{"href":"https:\/\/candeebaar.ee\/lv\/wp-json\/wp\/v2\/types\/product"}],"version-history":[{"count":1,"href":"https:\/\/candeebaar.ee\/lv\/wp-json\/wp\/v2\/product\/5828\/revisions"}],"predecessor-version":[{"id":5829,"href":"https:\/\/candeebaar.ee\/lv\/wp-json\/wp\/v2\/product\/5828\/revisions\/5829"}],"wp:featuredmedia":[{"embeddable":true,"href":"https:\/\/candeebaar.ee\/lv\/wp-json\/wp\/v2\/media\/5825"}],"wp:attachment":[{"href":"https:\/\/candeebaar.ee\/lv\/wp-json\/wp\/v2\/media?parent=5828"}],"wp:term":[{"taxonomy":"product_brand","embeddable":true,"href":"https:\/\/candeebaar.ee\/lv\/wp-json\/wp\/v2\/product_brand?post=5828"},{"taxonomy":"product_cat","embeddable":true,"href":"https:\/\/candeebaar.ee\/lv\/wp-json\/wp\/v2\/product_cat?post=5828"},{"taxonomy":"product_tag","embeddable":true,"href":"https:\/\/candeebaar.ee\/lv\/wp-json\/wp\/v2\/product_tag?post=5828"}],"curies":[{"name":"wp","href":"https:\/\/api.w.org\/{rel}","templated":true}]}}