{"id":5839,"date":"2024-12-31T20:10:53","date_gmt":"2024-12-31T20:10:53","guid":{"rendered":"https:\/\/storetest.ivi.ee\/product\/whole-freeze-dried-raspberry-30g\/"},"modified":"2026-04-06T12:23:08","modified_gmt":"2026-04-06T10:23:08","slug":"veselas-liofilizetas-avenes-30g","status":"publish","type":"product","link":"https:\/\/candeebaar.ee\/lv\/veikals\/veselas-liofilizetas-avenes-30g\/","title":{"rendered":"Veselas liofiliz\u0113tas avenes 30g"},"content":{"rendered":"<p>\u012apa\u0161i v\u0113rt\u012bgas ir liofiliz\u0113tas avenes. P\u0113t\u012bjumi liecina, ka p\u0113c \u0161\u0101das apstr\u0101des \u0161\u012b oga saglab\u0101 visas labv\u0113l\u012bg\u0101s vielas. Regul\u0101ra \u0161\u012b produkta lieto\u0161ana var stiprin\u0101t im\u016bnsist\u0113mu un papildin\u0101t mikroelementu rezerves. Zems kaloriju saturs un pozit\u012bva ietekme uz vielmai\u0146u padara ogu neaizst\u0101jamu svara normaliz\u0113\u0161anas proces\u0101. \u0160is produkts tiek akt\u012bvi izmantots vesel\u012bg\u0101 uztur\u0101 un var b\u016bt lielisks papildin\u0101jums m\u0101j\u0101s gatavotiem \u0113dieniem, piem\u0113ram, putr\u0101m, kompotiem un konditorejas izstr\u0101d\u0101jumiem. Turkl\u0101t liofiliz\u0113t\u0101s avenes ir neaizst\u0101jamas konditorejas izstr\u0101d\u0101jumu ra\u017eo\u0161an\u0101 \u2013 maizes ceptuv\u0113m, kafejn\u012bc\u0101m un desertu ra\u017eotn\u0113m. Oga labi uzglab\u0101jas un tai nav nepiecie\u0161ami \u012bpa\u0161i temperat\u016bras apst\u0101k\u013ci. Turkl\u0101t liofiliz\u0113to ogu izmaksas ir iev\u0113rojami zem\u0101kas, sal\u012bdzinot ar svaigu ogu ieg\u0101di. Tas tiek pan\u0101kts, pateicoties ieg\u0101d\u0101t\u0101 produkta augstajai koncentr\u0101cijai.<br \/>\nUzglab\u0101t tum\u0161\u0101 viet\u0101 temperat\u016br\u0101, kas nep\u0101rsniedz 20\u00b0C un relat\u012bvaj\u0101 mitrum\u0101 ne vair\u0101k k\u0101 70% <strong>cie\u0161i nosl\u0113gt\u0101 iepakojum\u0101<\/strong>.<br \/>\nMasa: 30g<br \/>\nSast\u0101vs: liofiliz\u0113ti kalt\u0113tas avenes<\/p>","protected":false},"excerpt":{"rendered":"<p>\u012apa\u0161i v\u0113rt\u012bgas ir liofiliz\u0113tas avenes. P\u0113t\u012bjumi liecina, ka p\u0113c \u0161\u0101das apstr\u0101des \u0161\u012b oga saglab\u0101 visas labv\u0113l\u012bg\u0101s vielas. Regul\u0101ra \u0161\u012b produkta lieto\u0161ana var stiprin\u0101t im\u016bnsist\u0113mu un papildin\u0101t mikroelementu rezerves. Zems kaloriju saturs un pozit\u012bva ietekme uz vielmai\u0146u padara ogu neaizst\u0101jamu svara normaliz\u0113\u0161anas proces\u0101. [\u2026]<\/p>","protected":false},"featured_media":5841,"template":"","meta":{"_seopress_robots_primary_cat":"none","_seopress_titles_title":"","_seopress_titles_desc":"","_seopress_robots_index":""},"product_brand":[],"product_cat":[183,15,98],"product_tag":[],"class_list":{"0":"post-5839","1":"product","2":"type-product","3":"status-publish","4":"has-post-thumbnail","6":"product_cat-valentines-day","7":"product_cat-all-products","8":"product_cat-dry-and-sublimated-products","10":"first","11":"instock","12":"taxable","13":"shipping-taxable","14":"purchasable","15":"product-type-simple"},"_links":{"self":[{"href":"https:\/\/candeebaar.ee\/lv\/wp-json\/wp\/v2\/product\/5839","targetHints":{"allow":["GET"]}}],"collection":[{"href":"https:\/\/candeebaar.ee\/lv\/wp-json\/wp\/v2\/product"}],"about":[{"href":"https:\/\/candeebaar.ee\/lv\/wp-json\/wp\/v2\/types\/product"}],"version-history":[{"count":2,"href":"https:\/\/candeebaar.ee\/lv\/wp-json\/wp\/v2\/product\/5839\/revisions"}],"predecessor-version":[{"id":13045,"href":"https:\/\/candeebaar.ee\/lv\/wp-json\/wp\/v2\/product\/5839\/revisions\/13045"}],"wp:featuredmedia":[{"embeddable":true,"href":"https:\/\/candeebaar.ee\/lv\/wp-json\/wp\/v2\/media\/5841"}],"wp:attachment":[{"href":"https:\/\/candeebaar.ee\/lv\/wp-json\/wp\/v2\/media?parent=5839"}],"wp:term":[{"taxonomy":"product_brand","embeddable":true,"href":"https:\/\/candeebaar.ee\/lv\/wp-json\/wp\/v2\/product_brand?post=5839"},{"taxonomy":"product_cat","embeddable":true,"href":"https:\/\/candeebaar.ee\/lv\/wp-json\/wp\/v2\/product_cat?post=5839"},{"taxonomy":"product_tag","embeddable":true,"href":"https:\/\/candeebaar.ee\/lv\/wp-json\/wp\/v2\/product_tag?post=5839"}],"curies":[{"name":"wp","href":"https:\/\/api.w.org\/{rel}","templated":true}]}}