{"id":5856,"date":"2024-12-31T20:11:11","date_gmt":"2024-12-31T20:11:11","guid":{"rendered":"https:\/\/storetest.ivi.ee\/product\/jasmine-buds-10g\/"},"modified":"2025-11-07T10:05:00","modified_gmt":"2025-11-07T08:05:00","slug":"jasmina-pumpuri-10g","status":"publish","type":"product","link":"https:\/\/candeebaar.ee\/lv\/veikals\/jasmina-pumpuri-10g\/","title":{"rendered":"Jasm\u012bna pumpuri 10g"},"content":{"rendered":"<p>Dab\u012bg\u0101s ziedlapi\u0146as ir lieliski piem\u0113rotas desertu dekor\u0113\u0161anai, t\u0101m ir br\u012bni\u0161\u0137\u012bga gar\u0161a, turkl\u0101t t\u0101s ir labv\u0113l\u012bgas ar\u012b vesel\u012bbai! Tos izmanto ar\u012b t\u0113jas pagatavo\u0161anai.<br \/>\n Tie satur vitam\u012bnus, miner\u0101ls\u0101\u013cus, \u0161\u0137iedrvielas un g\u013cot\u0101das vielas. Ziedos eso\u0161ajiem flavono\u012bdiem piem\u012bt antioksidanta \u012bpa\u0161\u012bbas.<br \/>\n Sast\u0101vs: jasm\u012bna pumpuri (\u017e\u0101v\u0113ti)<br \/>\n Izcelsme: \u0136\u012bna<br \/>\n Masa: 10g<\/p>","protected":false},"excerpt":{"rendered":"<p>Dab\u012bg\u0101s ziedlapi\u0146as ir lieliski piem\u0113rotas desertu dekor\u0113\u0161anai, t\u0101m ir br\u012bni\u0161\u0137\u012bga gar\u0161a, turkl\u0101t t\u0101s ir labv\u0113l\u012bgas ar\u012b vesel\u012bbai! Tos izmanto ar\u012b t\u0113jas pagatavo\u0161anai. Tie satur vitam\u012bnus, miner\u0101ls\u0101\u013cus, \u0161\u0137iedrvielas un g\u013cot\u0101das vielas. Ziedos eso\u0161ajiem flavono\u012bdiem piem\u012bt antioksidanta \u012bpa\u0161\u012bbas. Sast\u0101vs: Jasm\u012bna pumpuri (kalt\u0113ti) Izcelsme: \u0136\u012bna Masa: 10g<\/p>","protected":false},"featured_media":5855,"template":"","meta":{"_seopress_robots_primary_cat":"","_seopress_titles_title":"","_seopress_titles_desc":"","_seopress_robots_index":""},"product_brand":[],"product_cat":[180,15,98,106],"product_tag":[],"class_list":{"0":"post-5856","1":"product","2":"type-product","3":"status-publish","4":"has-post-thumbnail","6":"product_cat-wedding-products","7":"product_cat-all-products","8":"product_cat-dry-and-sublimated-products","9":"product_cat-new","11":"first","12":"outofstock","13":"taxable","14":"shipping-taxable","15":"purchasable","16":"product-type-simple"},"_links":{"self":[{"href":"https:\/\/candeebaar.ee\/lv\/wp-json\/wp\/v2\/product\/5856","targetHints":{"allow":["GET"]}}],"collection":[{"href":"https:\/\/candeebaar.ee\/lv\/wp-json\/wp\/v2\/product"}],"about":[{"href":"https:\/\/candeebaar.ee\/lv\/wp-json\/wp\/v2\/types\/product"}],"version-history":[{"count":1,"href":"https:\/\/candeebaar.ee\/lv\/wp-json\/wp\/v2\/product\/5856\/revisions"}],"predecessor-version":[{"id":5857,"href":"https:\/\/candeebaar.ee\/lv\/wp-json\/wp\/v2\/product\/5856\/revisions\/5857"}],"wp:featuredmedia":[{"embeddable":true,"href":"https:\/\/candeebaar.ee\/lv\/wp-json\/wp\/v2\/media\/5855"}],"wp:attachment":[{"href":"https:\/\/candeebaar.ee\/lv\/wp-json\/wp\/v2\/media?parent=5856"}],"wp:term":[{"taxonomy":"product_brand","embeddable":true,"href":"https:\/\/candeebaar.ee\/lv\/wp-json\/wp\/v2\/product_brand?post=5856"},{"taxonomy":"product_cat","embeddable":true,"href":"https:\/\/candeebaar.ee\/lv\/wp-json\/wp\/v2\/product_cat?post=5856"},{"taxonomy":"product_tag","embeddable":true,"href":"https:\/\/candeebaar.ee\/lv\/wp-json\/wp\/v2\/product_tag?post=5856"}],"curies":[{"name":"wp","href":"https:\/\/api.w.org\/{rel}","templated":true}]}}