{"id":5861,"date":"2024-12-31T20:11:11","date_gmt":"2024-12-31T20:11:11","guid":{"rendered":"https:\/\/storetest.ivi.ee\/product\/isomalt-sosa-100g\/"},"modified":"2025-01-02T18:51:09","modified_gmt":"2025-01-02T18:51:09","slug":"izomalts-sosa-100g","status":"publish","type":"product","link":"https:\/\/candeebaar.ee\/lv\/veikals\/izomalts-sosa-100g\/","title":{"rendered":"Isomalt SOSA 100g"},"content":{"rendered":"<p>Izomaltu izmanto karame\u013cu masas pagatavo\u0161anai.<br \/>\nTas nemaina kr\u0101su k\u0101 parastais cukurs, un to var kr\u0101sot.<br \/>\nVar izveidot neparastus dekor\u0101cijas k\u016bk\u0101m.<br \/>\nKu\u0161anas temperat\u016bra 145\u00b0C<br \/>\nLietojot karstu masu, j\u0101iev\u0113ro piesardz\u012bbas pas\u0101kumi!<br \/>\nMasa: 100g<br \/>\n100g satur: 100g og\u013chidr\u0101tu<br \/>\n0 tauki<br \/>\n0 olbaltumvielas<br \/>\nSast\u0101vs: izomalts E953<br \/>\nDer\u012bguma termi\u0146\u0161: sk. Iepakojums<br \/>\nRa\u017eot\u0101js: SOSA, Sp\u0101nija<\/p>\n<p><iframe src=\"\/\/www.youtube.com\/embed\/cbnVZQLbYwc\" width=\"560\" height=\"314\" allowfullscreen=\"allowfullscreen\"><\/iframe><\/p>\n<p>&nbsp;<\/p>","protected":false},"excerpt":{"rendered":"<p>Isomalt is used for making caramel mass. It does not change color like regular sugar and can be colored. Unusual decorations for cakes can be created. Melting temperature 145\u00b0C Precautions should be taken when using hot mass! Mass: 100g 100g contains: 100g carbohydrates 0 fats 0 proteins Composition: isomalt E953 Shelf life: see. Packaging Manufacturer: [&hellip;]<\/p>","protected":false},"featured_media":5074,"template":"","meta":{"_seopress_robots_primary_cat":"","_seopress_titles_title":"","_seopress_titles_desc":"","_seopress_robots_index":""},"product_brand":[],"product_cat":[15,102],"product_tag":[],"class_list":{"0":"post-5861","1":"product","2":"type-product","3":"status-publish","4":"has-post-thumbnail","6":"product_cat-all-products","7":"product_cat-sugars","9":"first","10":"outofstock","11":"taxable","12":"shipping-taxable","13":"purchasable","14":"product-type-simple"},"_links":{"self":[{"href":"https:\/\/candeebaar.ee\/lv\/wp-json\/wp\/v2\/product\/5861","targetHints":{"allow":["GET"]}}],"collection":[{"href":"https:\/\/candeebaar.ee\/lv\/wp-json\/wp\/v2\/product"}],"about":[{"href":"https:\/\/candeebaar.ee\/lv\/wp-json\/wp\/v2\/types\/product"}],"version-history":[{"count":1,"href":"https:\/\/candeebaar.ee\/lv\/wp-json\/wp\/v2\/product\/5861\/revisions"}],"predecessor-version":[{"id":5862,"href":"https:\/\/candeebaar.ee\/lv\/wp-json\/wp\/v2\/product\/5861\/revisions\/5862"}],"wp:featuredmedia":[{"embeddable":true,"href":"https:\/\/candeebaar.ee\/lv\/wp-json\/wp\/v2\/media\/5074"}],"wp:attachment":[{"href":"https:\/\/candeebaar.ee\/lv\/wp-json\/wp\/v2\/media?parent=5861"}],"wp:term":[{"taxonomy":"product_brand","embeddable":true,"href":"https:\/\/candeebaar.ee\/lv\/wp-json\/wp\/v2\/product_brand?post=5861"},{"taxonomy":"product_cat","embeddable":true,"href":"https:\/\/candeebaar.ee\/lv\/wp-json\/wp\/v2\/product_cat?post=5861"},{"taxonomy":"product_tag","embeddable":true,"href":"https:\/\/candeebaar.ee\/lv\/wp-json\/wp\/v2\/product_tag?post=5861"}],"curies":[{"name":"wp","href":"https:\/\/api.w.org\/{rel}","templated":true}]}}