{"id":5866,"date":"2024-12-31T20:11:11","date_gmt":"2024-12-31T20:11:11","guid":{"rendered":"https:\/\/storetest.ivi.ee\/product\/food-gloss-new-gold-food-colours-20g\/"},"modified":"2026-04-08T15:26:53","modified_gmt":"2026-04-08T13:26:53","slug":"partikas-spidums-jauns-zelta-partikas-krasas-20g","status":"publish","type":"product","link":"https:\/\/candeebaar.ee\/lv\/veikals\/partikas-spidums-jauns-zelta-partikas-krasas-20g\/","title":{"rendered":"P\u0101rtikas sp\u012bdums \u201cNEW GOLD\u201d P\u0101rtikas kr\u0101svielas 20g"},"content":{"rendered":"<p>P\u0101rtikas sp\u012bduma kr\u0101sviela, ir bl\u012bva strukt\u016bra, viegli uzkl\u0101jama gan sausa, gan at\u0161\u0137aid\u012bta spirt\u0101. Piem\u0113rots smidzin\u0101t\u0101jiem (sprauslas diametrs &lt;0,4 mm).<br \/>\nDoz\u0113\u0161ana: 0,1-0,2% no produkta masas<br \/>\nKr\u0101sa: zelta met\u0101lisks<br \/>\nSast\u0101vs: E555, E172<br \/>\nSvars: 20g<br \/>\nUzglab\u0101t v\u0113s\u0101, tum\u0161\u0101 viet\u0101.<br \/>\nRa\u017eot\u0101js: Food Colours, Polija<\/p>","protected":false},"excerpt":{"rendered":"<p>P\u0101rtikas sp\u012bduma kr\u0101sviela, ir bl\u012bva strukt\u016bra, viegli uzkl\u0101jama gan sausa, gan at\u0161\u0137aid\u012bta spirt\u0101. Piem\u0113rots smidzin\u0101t\u0101jiem (sprauslas diametrs &lt;0,4 mm). Devas: 0,1-0,2% no produkta masas Kr\u0101sa: zelta met\u0101lisks Sast\u0101vs: E555, E172 Svars: 20g Uzglab\u0101t v\u0113s\u0101, tum\u0161\u0101 viet\u0101. Ra\u017eot\u0101js: Food Colours, Polija<\/p>","protected":false},"featured_media":5868,"template":"","meta":{"_seopress_robots_primary_cat":"none","_seopress_titles_title":"","_seopress_titles_desc":"","_seopress_robots_index":""},"product_brand":[],"product_cat":[182,181,15,115],"product_tag":[],"class_list":{"0":"post-5866","1":"product","2":"type-product","3":"status-publish","4":"has-post-thumbnail","6":"product_cat-christmas","7":"product_cat-christmas-new-year","8":"product_cat-all-products","9":"product_cat-glitter","11":"first","12":"instock","13":"taxable","14":"shipping-taxable","15":"purchasable","16":"product-type-simple"},"_links":{"self":[{"href":"https:\/\/candeebaar.ee\/lv\/wp-json\/wp\/v2\/product\/5866","targetHints":{"allow":["GET"]}}],"collection":[{"href":"https:\/\/candeebaar.ee\/lv\/wp-json\/wp\/v2\/product"}],"about":[{"href":"https:\/\/candeebaar.ee\/lv\/wp-json\/wp\/v2\/types\/product"}],"version-history":[{"count":1,"href":"https:\/\/candeebaar.ee\/lv\/wp-json\/wp\/v2\/product\/5866\/revisions"}],"predecessor-version":[{"id":5867,"href":"https:\/\/candeebaar.ee\/lv\/wp-json\/wp\/v2\/product\/5866\/revisions\/5867"}],"wp:featuredmedia":[{"embeddable":true,"href":"https:\/\/candeebaar.ee\/lv\/wp-json\/wp\/v2\/media\/5868"}],"wp:attachment":[{"href":"https:\/\/candeebaar.ee\/lv\/wp-json\/wp\/v2\/media?parent=5866"}],"wp:term":[{"taxonomy":"product_brand","embeddable":true,"href":"https:\/\/candeebaar.ee\/lv\/wp-json\/wp\/v2\/product_brand?post=5866"},{"taxonomy":"product_cat","embeddable":true,"href":"https:\/\/candeebaar.ee\/lv\/wp-json\/wp\/v2\/product_cat?post=5866"},{"taxonomy":"product_tag","embeddable":true,"href":"https:\/\/candeebaar.ee\/lv\/wp-json\/wp\/v2\/product_tag?post=5866"}],"curies":[{"name":"wp","href":"https:\/\/api.w.org\/{rel}","templated":true}]}}