{"id":5869,"date":"2024-12-31T20:11:11","date_gmt":"2024-12-31T20:11:11","guid":{"rendered":"https:\/\/storetest.ivi.ee\/product\/callebaut-crispearls-mona-lisa-gold-salted-caramel-100g\/"},"modified":"2026-04-07T08:42:47","modified_gmt":"2026-04-07T06:42:47","slug":"callebaut-crispearls-mona-lisa-zelta-salita-karamele-100g","status":"publish","type":"product","link":"https:\/\/candeebaar.ee\/lv\/veikals\/callebaut-crispearls-mona-lisa-zelta-salita-karamele-100g\/","title":{"rendered":"Callebaut Crispearls \u201cMona Lisa\u201d zelta s\u0101l\u012bta karamele 100g"},"content":{"rendered":"<p>Krauk\u0161\u0137\u012bgas dra\u017eejas baltaj\u0101 \u0161okol\u0101d\u0113 ar s\u0101l\u012btu karameli Callebaut.<br \/>\nLieliska dekor\u0101cija jebkuram desertam.<br \/>\nSast\u0101vda\u013cas: balts p\u0101rkl\u0101jums ar karameli 84% (cukurs, kakao sviests, <strong>pienu<\/strong> pulveris, karame\u013cu pulveris 10.5% (krem\u0113ts <strong>pienu<\/strong>, sauss <strong>s\u016bkalas<\/strong>, cukurs, <strong>pienu<\/strong> tauki, dab\u012bgs vani\u013cas aromatiz\u0113t\u0101js), karameliz\u0113ts cukurs 1.5%, emulgators E322 (saulespu\u0137u), kakao masa, s\u0101ls, s\u0101l\u012btas graudu granulas (<strong>kvie\u0161i<\/strong> milti, cukurs, s\u0101ls, <strong>auzas<\/strong> milti, <strong>kvie\u0161u iesals<\/strong> milti, irdin\u0101t\u0101js E500ii, dab\u012bgs vani\u013cas aromatiz\u0113t\u0101js), glikozes s\u012brups, cukurs, glaz\u016bra E414.<br \/>\nBumbi\u0146as izm\u0113rs \u2248 5 mm<br \/>\nMasa: 100g<br \/>\nRa\u017eot\u0101js: Callebaut, Be\u013c\u0123ija<\/p>","protected":false},"excerpt":{"rendered":"<p>Krauk\u0161\u0137\u012bgas dra\u017eejas baltaj\u0101 \u0161okol\u0101d\u0113 ar s\u0101l\u012btu karameli Callebaut. Lieliska dekor\u0101cija jebkuram desertam. Sast\u0101vda\u013cas: balt\u0101 glaz\u016bra ar karameli 84% (cukurs, kakao sviests, piena pulveris, karame\u013cu pulveris 10.5% (v\u0101jpiens, saus\u0101s s\u016bkalas, cukurs, piena tauki, dab\u012bgs vani\u013cas aromatiz\u0113t\u0101js), karameliz\u0113ts cukurs 1.5%, emulgators E322 (saules masa , s\u0101ls, s\u0101l\u012btas graudu granulas (kvie\u0161i milti, cukurs, s\u0101ls, [\u2026]<\/p>","protected":false},"featured_media":5871,"template":"","meta":{"_seopress_robots_primary_cat":"none","_seopress_titles_title":"","_seopress_titles_desc":"","_seopress_robots_index":""},"product_brand":[],"product_cat":[15,110,104],"product_tag":[],"class_list":{"0":"post-5869","1":"product","2":"type-product","3":"status-publish","4":"has-post-thumbnail","6":"product_cat-all-products","7":"product_cat-callebaut","8":"product_cat-sprinkles","9":"brand-callebaut","11":"first","12":"instock","13":"taxable","14":"shipping-taxable","15":"purchasable","16":"product-type-simple"},"_links":{"self":[{"href":"https:\/\/candeebaar.ee\/lv\/wp-json\/wp\/v2\/product\/5869","targetHints":{"allow":["GET"]}}],"collection":[{"href":"https:\/\/candeebaar.ee\/lv\/wp-json\/wp\/v2\/product"}],"about":[{"href":"https:\/\/candeebaar.ee\/lv\/wp-json\/wp\/v2\/types\/product"}],"version-history":[{"count":1,"href":"https:\/\/candeebaar.ee\/lv\/wp-json\/wp\/v2\/product\/5869\/revisions"}],"predecessor-version":[{"id":5870,"href":"https:\/\/candeebaar.ee\/lv\/wp-json\/wp\/v2\/product\/5869\/revisions\/5870"}],"wp:featuredmedia":[{"embeddable":true,"href":"https:\/\/candeebaar.ee\/lv\/wp-json\/wp\/v2\/media\/5871"}],"wp:attachment":[{"href":"https:\/\/candeebaar.ee\/lv\/wp-json\/wp\/v2\/media?parent=5869"}],"wp:term":[{"taxonomy":"product_brand","embeddable":true,"href":"https:\/\/candeebaar.ee\/lv\/wp-json\/wp\/v2\/product_brand?post=5869"},{"taxonomy":"product_cat","embeddable":true,"href":"https:\/\/candeebaar.ee\/lv\/wp-json\/wp\/v2\/product_cat?post=5869"},{"taxonomy":"product_tag","embeddable":true,"href":"https:\/\/candeebaar.ee\/lv\/wp-json\/wp\/v2\/product_tag?post=5869"}],"curies":[{"name":"wp","href":"https:\/\/api.w.org\/{rel}","templated":true}]}}