{"id":5876,"date":"2024-12-31T20:11:11","date_gmt":"2024-12-31T20:11:11","guid":{"rendered":"https:\/\/storetest.ivi.ee\/product\/dried-orange-slices-20g\/"},"modified":"2025-04-06T07:23:15","modified_gmt":"2025-04-06T05:23:15","slug":"kaltetas-apelsina-skeles-20g","status":"publish","type":"product","link":"https:\/\/candeebaar.ee\/lv\/veikals\/kaltetas-apelsina-skeles-20g\/","title":{"rendered":"\u017d\u0101v\u0113tas apels\u012bna \u0161\u0137\u0113les 20g"},"content":{"rendered":"<p>Kalt\u0113tas apels\u012bna \u0161\u0137\u0113les k\u016bku un citu konditorejas izstr\u0101d\u0101jumu dekor\u0113\u0161anai.<br \/>\nSast\u0101vs: oran\u017es<br \/>\nIzcelsme: \u0136\u012bna<br \/>\nMasa: 20g<\/p>","protected":false},"excerpt":{"rendered":"<p>Kalt\u0113tas apels\u012bna \u0161\u0137\u0113les k\u016bku un citu konditorejas izstr\u0101d\u0101jumu dekor\u0113\u0161anai. Sast\u0101vs: oran\u017es Izcelsme: \u0136\u012bna Masa: 20g<\/p>","protected":false},"featured_media":5878,"template":"","meta":{"_seopress_robots_primary_cat":"","_seopress_titles_title":"","_seopress_titles_desc":"","_seopress_robots_index":""},"product_brand":[],"product_cat":[15,98,109],"product_tag":[],"class_list":{"0":"post-5876","1":"product","2":"type-product","3":"status-publish","4":"has-post-thumbnail","6":"product_cat-all-products","7":"product_cat-dry-and-sublimated-products","8":"product_cat-sale","10":"first","11":"outofstock","12":"sale","13":"taxable","14":"shipping-taxable","15":"purchasable","16":"product-type-simple"},"_links":{"self":[{"href":"https:\/\/candeebaar.ee\/lv\/wp-json\/wp\/v2\/product\/5876","targetHints":{"allow":["GET"]}}],"collection":[{"href":"https:\/\/candeebaar.ee\/lv\/wp-json\/wp\/v2\/product"}],"about":[{"href":"https:\/\/candeebaar.ee\/lv\/wp-json\/wp\/v2\/types\/product"}],"version-history":[{"count":1,"href":"https:\/\/candeebaar.ee\/lv\/wp-json\/wp\/v2\/product\/5876\/revisions"}],"predecessor-version":[{"id":5877,"href":"https:\/\/candeebaar.ee\/lv\/wp-json\/wp\/v2\/product\/5876\/revisions\/5877"}],"wp:featuredmedia":[{"embeddable":true,"href":"https:\/\/candeebaar.ee\/lv\/wp-json\/wp\/v2\/media\/5878"}],"wp:attachment":[{"href":"https:\/\/candeebaar.ee\/lv\/wp-json\/wp\/v2\/media?parent=5876"}],"wp:term":[{"taxonomy":"product_brand","embeddable":true,"href":"https:\/\/candeebaar.ee\/lv\/wp-json\/wp\/v2\/product_brand?post=5876"},{"taxonomy":"product_cat","embeddable":true,"href":"https:\/\/candeebaar.ee\/lv\/wp-json\/wp\/v2\/product_cat?post=5876"},{"taxonomy":"product_tag","embeddable":true,"href":"https:\/\/candeebaar.ee\/lv\/wp-json\/wp\/v2\/product_tag?post=5876"}],"curies":[{"name":"wp","href":"https:\/\/api.w.org\/{rel}","templated":true}]}}