{"id":5882,"date":"2024-12-31T20:11:11","date_gmt":"2024-12-31T20:11:11","guid":{"rendered":"https:\/\/storetest.ivi.ee\/product\/metal-rolling-pin-25cm\/"},"modified":"2026-03-31T12:24:39","modified_gmt":"2026-03-31T10:24:39","slug":"metala-ritosa-tapa-25cm","status":"publish","type":"product","link":"https:\/\/candeebaar.ee\/lv\/veikals\/metala-ritosa-tapa-25cm\/","title":{"rendered":"Met\u0101la rito\u0161\u0101 tapa 25cm"},"content":{"rendered":"<p>Met\u0101la rull\u012btis m\u012bklai un fondantam.<br \/>\nMateri\u0101ls: ner\u016bs\u0113jo\u0161ais t\u0113rauds<br \/>\nIzm\u0113ri: 25\u00d72,4cm<br \/>\nSvars: 73g<br \/>\nRa\u017eots: \u0136\u012bn\u0101<\/p>","protected":false},"excerpt":{"rendered":"<p>Met\u0101la rull\u012btis m\u012bklai un fondantam. Materi\u0101ls: ner\u016bs\u0113jo\u0161ais t\u0113rauds Izm\u0113ri: 25\u00d72,4cm Svars: 73g Ra\u017eots: \u0136\u012bn\u0101<\/p>","protected":false},"featured_media":5884,"template":"","meta":{"_seopress_robots_primary_cat":"none","_seopress_titles_title":"","_seopress_titles_desc":"","_seopress_robots_index":""},"product_brand":[],"product_cat":[15,84],"product_tag":[],"class_list":{"0":"post-5882","1":"product","2":"type-product","3":"status-publish","4":"has-post-thumbnail","6":"product_cat-all-products","7":"product_cat-tools","9":"first","10":"instock","11":"taxable","12":"shipping-taxable","13":"purchasable","14":"product-type-simple"},"_links":{"self":[{"href":"https:\/\/candeebaar.ee\/lv\/wp-json\/wp\/v2\/product\/5882","targetHints":{"allow":["GET"]}}],"collection":[{"href":"https:\/\/candeebaar.ee\/lv\/wp-json\/wp\/v2\/product"}],"about":[{"href":"https:\/\/candeebaar.ee\/lv\/wp-json\/wp\/v2\/types\/product"}],"version-history":[{"count":1,"href":"https:\/\/candeebaar.ee\/lv\/wp-json\/wp\/v2\/product\/5882\/revisions"}],"predecessor-version":[{"id":5883,"href":"https:\/\/candeebaar.ee\/lv\/wp-json\/wp\/v2\/product\/5882\/revisions\/5883"}],"wp:featuredmedia":[{"embeddable":true,"href":"https:\/\/candeebaar.ee\/lv\/wp-json\/wp\/v2\/media\/5884"}],"wp:attachment":[{"href":"https:\/\/candeebaar.ee\/lv\/wp-json\/wp\/v2\/media?parent=5882"}],"wp:term":[{"taxonomy":"product_brand","embeddable":true,"href":"https:\/\/candeebaar.ee\/lv\/wp-json\/wp\/v2\/product_brand?post=5882"},{"taxonomy":"product_cat","embeddable":true,"href":"https:\/\/candeebaar.ee\/lv\/wp-json\/wp\/v2\/product_cat?post=5882"},{"taxonomy":"product_tag","embeddable":true,"href":"https:\/\/candeebaar.ee\/lv\/wp-json\/wp\/v2\/product_tag?post=5882"}],"curies":[{"name":"wp","href":"https:\/\/api.w.org\/{rel}","templated":true}]}}