{"id":5888,"date":"2024-12-31T20:11:11","date_gmt":"2024-12-31T20:11:11","guid":{"rendered":"https:\/\/storetest.ivi.ee\/product\/culinary-spoon-20cm\/"},"modified":"2026-03-31T12:25:04","modified_gmt":"2026-03-31T10:25:04","slug":"kulinarijas-karote-20cm","status":"publish","type":"product","link":"https:\/\/candeebaar.ee\/lv\/veikals\/kulinarijas-karote-20cm\/","title":{"rendered":"Kulin\u0101rijas karote 20cm"},"content":{"rendered":"<p>Karote ar sn\u012bpi da\u017e\u0101diem kulin\u0101rijas nol\u016bkiem.<br \/>\nMateri\u0101ls: ner\u016bs\u0113jo\u0161ais t\u0113rauds, plastmasa<br \/>\nIzm\u0113rs: 200*38mm<br \/>\nRa\u017eots: \u0136\u012bn\u0101<\/p>","protected":false},"excerpt":{"rendered":"<p>Karote ar sn\u012bpi da\u017e\u0101diem kulin\u0101rijas nol\u016bkiem. Materi\u0101ls: ner\u016bs\u0113jo\u0161ais t\u0113rauds, plastmasa Izm\u0113rs: 200*38mm Ra\u017eots: \u0136\u012bn\u0101<\/p>","protected":false},"featured_media":5890,"template":"","meta":{"_seopress_robots_primary_cat":"none","_seopress_titles_title":"","_seopress_titles_desc":"","_seopress_robots_index":""},"product_brand":[],"product_cat":[15,84],"product_tag":[],"class_list":{"0":"post-5888","1":"product","2":"type-product","3":"status-publish","4":"has-post-thumbnail","6":"product_cat-all-products","7":"product_cat-tools","9":"first","10":"instock","11":"taxable","12":"shipping-taxable","13":"purchasable","14":"product-type-simple"},"_links":{"self":[{"href":"https:\/\/candeebaar.ee\/lv\/wp-json\/wp\/v2\/product\/5888","targetHints":{"allow":["GET"]}}],"collection":[{"href":"https:\/\/candeebaar.ee\/lv\/wp-json\/wp\/v2\/product"}],"about":[{"href":"https:\/\/candeebaar.ee\/lv\/wp-json\/wp\/v2\/types\/product"}],"version-history":[{"count":1,"href":"https:\/\/candeebaar.ee\/lv\/wp-json\/wp\/v2\/product\/5888\/revisions"}],"predecessor-version":[{"id":5889,"href":"https:\/\/candeebaar.ee\/lv\/wp-json\/wp\/v2\/product\/5888\/revisions\/5889"}],"wp:featuredmedia":[{"embeddable":true,"href":"https:\/\/candeebaar.ee\/lv\/wp-json\/wp\/v2\/media\/5890"}],"wp:attachment":[{"href":"https:\/\/candeebaar.ee\/lv\/wp-json\/wp\/v2\/media?parent=5888"}],"wp:term":[{"taxonomy":"product_brand","embeddable":true,"href":"https:\/\/candeebaar.ee\/lv\/wp-json\/wp\/v2\/product_brand?post=5888"},{"taxonomy":"product_cat","embeddable":true,"href":"https:\/\/candeebaar.ee\/lv\/wp-json\/wp\/v2\/product_cat?post=5888"},{"taxonomy":"product_tag","embeddable":true,"href":"https:\/\/candeebaar.ee\/lv\/wp-json\/wp\/v2\/product_tag?post=5888"}],"curies":[{"name":"wp","href":"https:\/\/api.w.org\/{rel}","templated":true}]}}