{"id":5892,"date":"2024-12-31T20:11:11","date_gmt":"2024-12-31T20:11:11","guid":{"rendered":"https:\/\/storetest.ivi.ee\/product\/piping-nozzle-0-5mm\/"},"modified":"2026-03-20T13:48:14","modified_gmt":"2026-03-20T11:48:14","slug":"caurulvadu-uzgalis-0-5mm","status":"publish","type":"product","link":"https:\/\/candeebaar.ee\/lv\/veikals\/caurulvadu-uzgalis-0-5mm\/","title":{"rendered":"Cauru\u013cvada uzgalis 0,5mm"},"content":{"rendered":"<p>Cauru\u013cvada uzgalis dekor\u0113\u0161anai ar glaz\u016bru, \u0161okol\u0101di utt.<br \/>\nIzm\u0113rs: 18x35mm<br \/>\nIzeja: 0,5 mm<br \/>\nMateri\u0101ls: ner\u016bs\u0113jo\u0161ais t\u0113rauds<br \/>\nRa\u017eot\u0101js: \u0136\u012bna<\/p>","protected":false},"excerpt":{"rendered":"<p>Cauru\u013cvada uzgalis dekor\u0113\u0161anai ar glaz\u016bru, \u0161okol\u0101di utt. Izm\u0113rs: 18x35mm Izlaide: 0,5mm Materi\u0101ls: ner\u016bs\u0113jo\u0161ais t\u0113rauds Ra\u017eot\u0101js: \u0136\u012bna<\/p>","protected":false},"featured_media":5343,"template":"","meta":{"_seopress_robots_primary_cat":"none","_seopress_titles_title":"","_seopress_titles_desc":"","_seopress_robots_index":""},"product_brand":[],"product_cat":[15,121],"product_tag":[],"class_list":{"0":"post-5892","1":"product","2":"type-product","3":"status-publish","4":"has-post-thumbnail","6":"product_cat-all-products","7":"product_cat-round","9":"first","10":"instock","11":"taxable","12":"shipping-taxable","13":"purchasable","14":"product-type-simple"},"_links":{"self":[{"href":"https:\/\/candeebaar.ee\/lv\/wp-json\/wp\/v2\/product\/5892","targetHints":{"allow":["GET"]}}],"collection":[{"href":"https:\/\/candeebaar.ee\/lv\/wp-json\/wp\/v2\/product"}],"about":[{"href":"https:\/\/candeebaar.ee\/lv\/wp-json\/wp\/v2\/types\/product"}],"version-history":[{"count":1,"href":"https:\/\/candeebaar.ee\/lv\/wp-json\/wp\/v2\/product\/5892\/revisions"}],"predecessor-version":[{"id":5893,"href":"https:\/\/candeebaar.ee\/lv\/wp-json\/wp\/v2\/product\/5892\/revisions\/5893"}],"wp:featuredmedia":[{"embeddable":true,"href":"https:\/\/candeebaar.ee\/lv\/wp-json\/wp\/v2\/media\/5343"}],"wp:attachment":[{"href":"https:\/\/candeebaar.ee\/lv\/wp-json\/wp\/v2\/media?parent=5892"}],"wp:term":[{"taxonomy":"product_brand","embeddable":true,"href":"https:\/\/candeebaar.ee\/lv\/wp-json\/wp\/v2\/product_brand?post=5892"},{"taxonomy":"product_cat","embeddable":true,"href":"https:\/\/candeebaar.ee\/lv\/wp-json\/wp\/v2\/product_cat?post=5892"},{"taxonomy":"product_tag","embeddable":true,"href":"https:\/\/candeebaar.ee\/lv\/wp-json\/wp\/v2\/product_tag?post=5892"}],"curies":[{"name":"wp","href":"https:\/\/api.w.org\/{rel}","templated":true}]}}