{"id":5894,"date":"2024-12-31T20:11:11","date_gmt":"2024-12-31T20:11:11","guid":{"rendered":"https:\/\/storetest.ivi.ee\/product\/1mm-decorating-tip-2\/"},"modified":"2025-11-07T10:05:00","modified_gmt":"2025-11-07T08:05:00","slug":"1-mm-dekoresanas-uzgalis-2","status":"publish","type":"product","link":"https:\/\/candeebaar.ee\/lv\/veikals\/1-mm-dekoresanas-uzgalis-2\/","title":{"rendered":"1 mm dekor\u0113\u0161anas uzgalis"},"content":{"rendered":"<p>Cauru\u013cvada uzgalis dekor\u0113\u0161anai ar glaz\u016bru, \u0161okol\u0101di utt.<br \/>\nIzm\u0113rs: 18x35mm<br \/>\nIzeja: 1mm<br \/>\nMateri\u0101ls: ner\u016bs\u0113jo\u0161ais t\u0113rauds<br \/>\nRa\u017eot\u0101js: \u0136\u012bna<\/p>","protected":false},"excerpt":{"rendered":"<p>Cauru\u013cvada uzgalis dekor\u0113\u0161anai ar glaz\u016bru, \u0161okol\u0101di utt. Izm\u0113rs: 18x35mm Izlaide: 1mm Materi\u0101ls: ner\u016bs\u0113jo\u0161ais t\u0113rauds Ra\u017eot\u0101js: \u0136\u012bna<\/p>","protected":false},"featured_media":5343,"template":"","meta":{"_seopress_robots_primary_cat":"","_seopress_titles_title":"","_seopress_titles_desc":"","_seopress_robots_index":""},"product_brand":[],"product_cat":[180,15,121],"product_tag":[],"class_list":{"0":"post-5894","1":"product","2":"type-product","3":"status-publish","4":"has-post-thumbnail","6":"product_cat-wedding-products","7":"product_cat-all-products","8":"product_cat-round","10":"first","11":"instock","12":"taxable","13":"shipping-taxable","14":"purchasable","15":"product-type-simple"},"_links":{"self":[{"href":"https:\/\/candeebaar.ee\/lv\/wp-json\/wp\/v2\/product\/5894","targetHints":{"allow":["GET"]}}],"collection":[{"href":"https:\/\/candeebaar.ee\/lv\/wp-json\/wp\/v2\/product"}],"about":[{"href":"https:\/\/candeebaar.ee\/lv\/wp-json\/wp\/v2\/types\/product"}],"version-history":[{"count":1,"href":"https:\/\/candeebaar.ee\/lv\/wp-json\/wp\/v2\/product\/5894\/revisions"}],"predecessor-version":[{"id":5895,"href":"https:\/\/candeebaar.ee\/lv\/wp-json\/wp\/v2\/product\/5894\/revisions\/5895"}],"wp:featuredmedia":[{"embeddable":true,"href":"https:\/\/candeebaar.ee\/lv\/wp-json\/wp\/v2\/media\/5343"}],"wp:attachment":[{"href":"https:\/\/candeebaar.ee\/lv\/wp-json\/wp\/v2\/media?parent=5894"}],"wp:term":[{"taxonomy":"product_brand","embeddable":true,"href":"https:\/\/candeebaar.ee\/lv\/wp-json\/wp\/v2\/product_brand?post=5894"},{"taxonomy":"product_cat","embeddable":true,"href":"https:\/\/candeebaar.ee\/lv\/wp-json\/wp\/v2\/product_cat?post=5894"},{"taxonomy":"product_tag","embeddable":true,"href":"https:\/\/candeebaar.ee\/lv\/wp-json\/wp\/v2\/product_tag?post=5894"}],"curies":[{"name":"wp","href":"https:\/\/api.w.org\/{rel}","templated":true}]}}