{"id":5908,"date":"2024-12-31T20:11:11","date_gmt":"2024-12-31T20:11:11","guid":{"rendered":"https:\/\/storetest.ivi.ee\/product\/candy-box-145x145x35-white-gold\/"},"modified":"2026-01-24T23:05:34","modified_gmt":"2026-01-24T21:05:34","slug":"konfeksu-kastite-145x145x35-balta-zelta","status":"publish","type":"product","link":"https:\/\/candeebaar.ee\/lv\/veikals\/konfeksu-kastite-145x145x35-balta-zelta\/","title":{"rendered":"Konfek\u0161u kast\u012bte 145x145x35 balts\/zelts"},"content":{"rendered":"<p>Konfek\u0161u kaste ar caursp\u012bd\u012bgu logu.<br \/>\nIzm\u0113rs: 145x145x35mm<br \/>\nMateri\u0101ls: kartons, plastmasa<br \/>\nKr\u0101sa: balta\/zelta<br \/>\nRa\u017eot\u0101js: It\u0101lija<\/p>","protected":false},"excerpt":{"rendered":"<p>Konfek\u0161u kaste ar caursp\u012bd\u012bgu logu. Izm\u0113rs: 145x145x35mm Materi\u0101ls: kartons, plastmasa Kr\u0101sa: balta\/zelta Ra\u017eot\u0101js: It\u0101lija<\/p>","protected":false},"featured_media":5910,"template":"","meta":{"_seopress_robots_primary_cat":"none","_seopress_titles_title":"","_seopress_titles_desc":"","_seopress_robots_index":""},"product_brand":[],"product_cat":[15,153,156,93],"product_tag":[],"class_list":{"0":"post-5908","1":"product","2":"type-product","3":"status-publish","4":"has-post-thumbnail","6":"product_cat-all-products","7":"product_cat-candy-boxes","8":"product_cat-low-boxes","9":"product_cat-gift-packaging","11":"first","12":"outofstock","13":"taxable","14":"shipping-taxable","15":"purchasable","16":"product-type-simple"},"_links":{"self":[{"href":"https:\/\/candeebaar.ee\/lv\/wp-json\/wp\/v2\/product\/5908","targetHints":{"allow":["GET"]}}],"collection":[{"href":"https:\/\/candeebaar.ee\/lv\/wp-json\/wp\/v2\/product"}],"about":[{"href":"https:\/\/candeebaar.ee\/lv\/wp-json\/wp\/v2\/types\/product"}],"version-history":[{"count":1,"href":"https:\/\/candeebaar.ee\/lv\/wp-json\/wp\/v2\/product\/5908\/revisions"}],"predecessor-version":[{"id":5909,"href":"https:\/\/candeebaar.ee\/lv\/wp-json\/wp\/v2\/product\/5908\/revisions\/5909"}],"wp:featuredmedia":[{"embeddable":true,"href":"https:\/\/candeebaar.ee\/lv\/wp-json\/wp\/v2\/media\/5910"}],"wp:attachment":[{"href":"https:\/\/candeebaar.ee\/lv\/wp-json\/wp\/v2\/media?parent=5908"}],"wp:term":[{"taxonomy":"product_brand","embeddable":true,"href":"https:\/\/candeebaar.ee\/lv\/wp-json\/wp\/v2\/product_brand?post=5908"},{"taxonomy":"product_cat","embeddable":true,"href":"https:\/\/candeebaar.ee\/lv\/wp-json\/wp\/v2\/product_cat?post=5908"},{"taxonomy":"product_tag","embeddable":true,"href":"https:\/\/candeebaar.ee\/lv\/wp-json\/wp\/v2\/product_tag?post=5908"}],"curies":[{"name":"wp","href":"https:\/\/api.w.org\/{rel}","templated":true}]}}