{"id":5924,"date":"2024-12-31T20:11:17","date_gmt":"2024-12-31T20:11:17","guid":{"rendered":"https:\/\/storetest.ivi.ee\/product\/filling-nozzle-6mm\/"},"modified":"2026-03-22T20:35:27","modified_gmt":"2026-03-22T18:35:27","slug":"uzpildes-sprausla-6mm","status":"publish","type":"product","link":"https:\/\/candeebaar.ee\/lv\/veikals\/uzpildes-sprausla-6mm\/","title":{"rendered":"Uzpildes uzgalis 6mm"},"content":{"rendered":"<p>Konditorejas uzgalis izgatavots no ner\u016bs\u0113jo\u0161\u0101 t\u0113rauda.<br \/>\nProduktu pild\u012b\u0161anai.<\/p>\n<p>Izm\u0113rs: 17x76mm<br \/>\nCauruma diametrs: 6 mm<\/p>","protected":false},"excerpt":{"rendered":"<p>Konditorejas uzgalis izgatavots no ner\u016bs\u0113jo\u0161\u0101 t\u0113rauda. Produktu pild\u012b\u0161anai. Izm\u0113rs: 17x76mm Cauruma diametrs: 6mm<\/p>","protected":false},"featured_media":5926,"template":"","meta":{"_seopress_robots_primary_cat":"none","_seopress_titles_title":"","_seopress_titles_desc":"","_seopress_robots_index":""},"product_brand":[],"product_cat":[15,122],"product_tag":[],"class_list":{"0":"post-5924","1":"product","2":"type-product","3":"status-publish","4":"has-post-thumbnail","6":"product_cat-all-products","7":"product_cat-miscellaneous","9":"first","10":"instock","11":"taxable","12":"shipping-taxable","13":"purchasable","14":"product-type-simple"},"_links":{"self":[{"href":"https:\/\/candeebaar.ee\/lv\/wp-json\/wp\/v2\/product\/5924","targetHints":{"allow":["GET"]}}],"collection":[{"href":"https:\/\/candeebaar.ee\/lv\/wp-json\/wp\/v2\/product"}],"about":[{"href":"https:\/\/candeebaar.ee\/lv\/wp-json\/wp\/v2\/types\/product"}],"version-history":[{"count":1,"href":"https:\/\/candeebaar.ee\/lv\/wp-json\/wp\/v2\/product\/5924\/revisions"}],"predecessor-version":[{"id":5925,"href":"https:\/\/candeebaar.ee\/lv\/wp-json\/wp\/v2\/product\/5924\/revisions\/5925"}],"wp:featuredmedia":[{"embeddable":true,"href":"https:\/\/candeebaar.ee\/lv\/wp-json\/wp\/v2\/media\/5926"}],"wp:attachment":[{"href":"https:\/\/candeebaar.ee\/lv\/wp-json\/wp\/v2\/media?parent=5924"}],"wp:term":[{"taxonomy":"product_brand","embeddable":true,"href":"https:\/\/candeebaar.ee\/lv\/wp-json\/wp\/v2\/product_brand?post=5924"},{"taxonomy":"product_cat","embeddable":true,"href":"https:\/\/candeebaar.ee\/lv\/wp-json\/wp\/v2\/product_cat?post=5924"},{"taxonomy":"product_tag","embeddable":true,"href":"https:\/\/candeebaar.ee\/lv\/wp-json\/wp\/v2\/product_tag?post=5924"}],"curies":[{"name":"wp","href":"https:\/\/api.w.org\/{rel}","templated":true}]}}