{"id":5942,"date":"2024-12-31T20:11:17","date_gmt":"2024-12-31T20:11:17","guid":{"rendered":"https:\/\/storetest.ivi.ee\/product\/reinforced-white-base-250x250x3mm-daisy\/"},"modified":"2026-04-08T08:43:39","modified_gmt":"2026-04-08T06:43:39","slug":"pastiprinata-balta-pamatne-250x250x3mm-margrietina","status":"publish","type":"product","link":"https:\/\/candeebaar.ee\/lv\/veikals\/pastiprinata-balta-pamatne-250x250x3mm-margrietina\/","title":{"rendered":"Pastiprin\u0101ts balts k\u016bku d\u0113lis 250x250x3mm &quot;Daisy&quot;"},"content":{"rendered":"<p>Pamatne no pastiprin\u0101ta gofr\u0113t\u0101 kartona.<br \/>\nNepiecie\u0161ams pareizai desertu uzglab\u0101\u0161anai, transport\u0113\u0161anai un pasnieg\u0161anai.<br \/>\nBiezums: 3mm<br \/>\nIzm\u0113rs: 250x250mm<br \/>\nKr\u0101sa: balta<\/p>","protected":false},"excerpt":{"rendered":"<p>Pamatne no pastiprin\u0101ta gofr\u0113t\u0101 kartona. Nepiecie\u0161ams pareizai desertu uzglab\u0101\u0161anai, transport\u0113\u0161anai un pasnieg\u0161anai. Biezums: 3mm Izm\u0113rs: 250x250mm Kr\u0101sa: balta<\/p>","protected":false},"featured_media":5792,"template":"","meta":{"_seopress_robots_primary_cat":"none","_seopress_titles_title":"","_seopress_titles_desc":"","_seopress_robots_index":""},"product_brand":[],"product_cat":[15,144,149],"product_tag":[],"class_list":{"0":"post-5942","1":"product","2":"type-product","3":"status-publish","4":"has-post-thumbnail","6":"product_cat-all-products","7":"product_cat-25cm","8":"product_cat-square-and-rectangular","10":"first","11":"instock","12":"taxable","13":"shipping-taxable","14":"purchasable","15":"product-type-simple"},"_links":{"self":[{"href":"https:\/\/candeebaar.ee\/lv\/wp-json\/wp\/v2\/product\/5942","targetHints":{"allow":["GET"]}}],"collection":[{"href":"https:\/\/candeebaar.ee\/lv\/wp-json\/wp\/v2\/product"}],"about":[{"href":"https:\/\/candeebaar.ee\/lv\/wp-json\/wp\/v2\/types\/product"}],"version-history":[{"count":2,"href":"https:\/\/candeebaar.ee\/lv\/wp-json\/wp\/v2\/product\/5942\/revisions"}],"predecessor-version":[{"id":9141,"href":"https:\/\/candeebaar.ee\/lv\/wp-json\/wp\/v2\/product\/5942\/revisions\/9141"}],"wp:featuredmedia":[{"embeddable":true,"href":"https:\/\/candeebaar.ee\/lv\/wp-json\/wp\/v2\/media\/5792"}],"wp:attachment":[{"href":"https:\/\/candeebaar.ee\/lv\/wp-json\/wp\/v2\/media?parent=5942"}],"wp:term":[{"taxonomy":"product_brand","embeddable":true,"href":"https:\/\/candeebaar.ee\/lv\/wp-json\/wp\/v2\/product_brand?post=5942"},{"taxonomy":"product_cat","embeddable":true,"href":"https:\/\/candeebaar.ee\/lv\/wp-json\/wp\/v2\/product_cat?post=5942"},{"taxonomy":"product_tag","embeddable":true,"href":"https:\/\/candeebaar.ee\/lv\/wp-json\/wp\/v2\/product_tag?post=5942"}],"curies":[{"name":"wp","href":"https:\/\/api.w.org\/{rel}","templated":true}]}}