{"id":5979,"date":"2024-12-31T20:11:17","date_gmt":"2024-12-31T20:11:17","guid":{"rendered":"https:\/\/storetest.ivi.ee\/product\/white-glaze-royal-steensma-300g\/"},"modified":"2026-04-12T19:41:13","modified_gmt":"2026-04-12T17:41:13","slug":"balta-glazura-royal-steensma-300g","status":"publish","type":"product","link":"https:\/\/candeebaar.ee\/lv\/veikals\/balta-glazura-royal-steensma-300g\/","title":{"rendered":"Balt\u0101 glaz\u016bra Royal Steensma 300g"},"content":{"rendered":"<p>Balta glaz\u016bra ar pat\u012bkamu vani\u013cas gar\u0161u, bez \u0122MO un transtaukiem.<br \/>\nMasa: 300g<br \/>\nSast\u0101vs uz 100 g:<br \/>\nEner\u0123ija: 561kCal<br \/>\nTauki (pies\u0101tin\u0101tie): 32(29)g<br \/>\nOg\u013chidr\u0101ti (cukurs): 67 (67)g<br \/>\nOlbaltumvielas: 0g<br \/>\nKakao saturs: 0%<br \/>\nSast\u0101vs: cukurs; augu e\u013c\u013ca (palmu, kokosriekstu), emulgators E322 (sojas lecit\u012bns), vanil\u012bns.<br \/>\nKr\u0101sa: balta<br \/>\nRa\u017eot\u0101js: Royal Steensma, N\u012bderlande<br \/>\nUzglab\u0101jiet produktu t\u012br\u0101s telp\u0101s, kur nav sve\u0161as smakas (relat\u012bvais mitrums ne vair\u0101k k\u0101 70%).<br \/>\nUzglab\u0101\u0161anas temperat\u016bra: 12 \u2013 20 \u00b0C<br \/>\nVar satur\u0113t p\u0113das <strong>piens, laktoze, soja un rieksti.<br \/>\n<\/strong><\/p>","protected":false},"excerpt":{"rendered":"<p>Balta glaz\u016bra ar pat\u012bkamu vani\u013cas gar\u0161u, bez \u0122MO un transtaukiem. Masa: 300g Saturs uz 100g: Ener\u0123ija: 561kCal Tauki (pies\u0101tin\u0101tie): 32(29)g Og\u013chidr\u0101ti (cukurs): 67 (67)g Olbaltumvielas: 0g Kakao saturs: 0% Sast\u0101vs: cukurs; augu e\u013c\u013ca (palmu, kokosriekstu), emulgators E322 (sojas lecit\u012bns), vanil\u012bns. Kr\u0101sa: balta Ra\u017eot\u0101js: Royal Steensma, N\u012bderlande Uzglab\u0101jiet produktu t\u012br\u0101s telp\u0101s, [\u2026]<\/p>","protected":false},"featured_media":5981,"template":"","meta":{"_seopress_robots_primary_cat":"none","_seopress_titles_title":"","_seopress_titles_desc":"","_seopress_robots_index":""},"product_brand":[],"product_cat":[182,181,15,111,102],"product_tag":[],"class_list":{"0":"post-5979","1":"product","2":"type-product","3":"status-publish","4":"has-post-thumbnail","6":"product_cat-christmas","7":"product_cat-christmas-new-year","8":"product_cat-all-products","9":"product_cat-cacao-mill","10":"product_cat-sugars","12":"first","13":"instock","14":"taxable","15":"shipping-taxable","16":"purchasable","17":"product-type-simple"},"_links":{"self":[{"href":"https:\/\/candeebaar.ee\/lv\/wp-json\/wp\/v2\/product\/5979","targetHints":{"allow":["GET"]}}],"collection":[{"href":"https:\/\/candeebaar.ee\/lv\/wp-json\/wp\/v2\/product"}],"about":[{"href":"https:\/\/candeebaar.ee\/lv\/wp-json\/wp\/v2\/types\/product"}],"version-history":[{"count":2,"href":"https:\/\/candeebaar.ee\/lv\/wp-json\/wp\/v2\/product\/5979\/revisions"}],"predecessor-version":[{"id":13434,"href":"https:\/\/candeebaar.ee\/lv\/wp-json\/wp\/v2\/product\/5979\/revisions\/13434"}],"wp:featuredmedia":[{"embeddable":true,"href":"https:\/\/candeebaar.ee\/lv\/wp-json\/wp\/v2\/media\/5981"}],"wp:attachment":[{"href":"https:\/\/candeebaar.ee\/lv\/wp-json\/wp\/v2\/media?parent=5979"}],"wp:term":[{"taxonomy":"product_brand","embeddable":true,"href":"https:\/\/candeebaar.ee\/lv\/wp-json\/wp\/v2\/product_brand?post=5979"},{"taxonomy":"product_cat","embeddable":true,"href":"https:\/\/candeebaar.ee\/lv\/wp-json\/wp\/v2\/product_cat?post=5979"},{"taxonomy":"product_tag","embeddable":true,"href":"https:\/\/candeebaar.ee\/lv\/wp-json\/wp\/v2\/product_tag?post=5979"}],"curies":[{"name":"wp","href":"https:\/\/api.w.org\/{rel}","templated":true}]}}