{"id":5982,"date":"2024-12-31T20:11:29","date_gmt":"2024-12-31T20:11:29","guid":{"rendered":"https:\/\/storetest.ivi.ee\/product\/white-glaze-royal-steensma-1000g\/"},"modified":"2026-04-12T06:23:34","modified_gmt":"2026-04-12T04:23:34","slug":"balta-glazura-royal-steensma-1000g","status":"publish","type":"product","link":"https:\/\/candeebaar.ee\/lv\/veikals\/balta-glazura-royal-steensma-1000g\/","title":{"rendered":"Balt\u0101 glaz\u016bra Royal Steensma 1000g"},"content":{"rendered":"<p>Balta glaz\u016bra ar pat\u012bkamu vani\u013cas gar\u0161u, bez \u0122MO un transtaukiem.<br \/>\nMasa: 1000g<br \/>\nSast\u0101vs uz 100 g:<br \/>\nEner\u0123ija: 561kCal<br \/>\nTauki (pies\u0101tin\u0101tie): 32(29)g<br \/>\nOg\u013chidr\u0101ti (cukurs): 67 (67)g<br \/>\nOlbaltumvielas: 0g<br \/>\nKakao saturs: 0%<br \/>\nSast\u0101vs: cukurs; augu e\u013c\u013ca (palmu, kokosriekstu), emulgators E322 (sojas lecit\u012bns), vanil\u012bns.<br \/>\nKr\u0101sa: balta<br \/>\nRa\u017eot\u0101js: Royal Steensma, N\u012bderlande<br \/>\nUzglab\u0101jiet produktu t\u012br\u0101s telp\u0101s, kur nav sve\u0161as smakas (relat\u012bvais mitrums ne vair\u0101k k\u0101 70%).<br \/>\nUzglab\u0101\u0161anas temperat\u016bra: 12 \u2013 20 \u00b0C<br \/>\nVar satur\u0113t p\u0113das <strong>piens, laktoze, soja un rieksti.<br \/>\n<\/strong><\/p>","protected":false},"excerpt":{"rendered":"<p>Balta glaz\u016bra ar pat\u012bkamu vani\u013cas gar\u0161u, bez \u0122MO un transtaukiem. Masa: 1000g Saturs uz 100g: Ener\u0123ija: 561kCal Tauki (pies\u0101tin\u0101tie): 32(29)g Og\u013chidr\u0101ti (cukurs): 67 (67)g Olbaltumvielas: 0g Kakao saturs: 0% Sast\u0101vs: cukurs; augu e\u013c\u013ca (palmu, kokosriekstu), emulgators E322 (sojas lecit\u012bns), vanil\u012bns. Kr\u0101sa: balta Ra\u017eot\u0101js: Royal Steensma, N\u012bderlande Uzglab\u0101jiet produktu t\u012br\u0101s telp\u0101s, [\u2026]<\/p>","protected":false},"featured_media":5981,"template":"","meta":{"_seopress_robots_primary_cat":"none","_seopress_titles_title":"","_seopress_titles_desc":"","_seopress_robots_index":""},"product_brand":[],"product_cat":[15,111],"product_tag":[],"class_list":{"0":"post-5982","1":"product","2":"type-product","3":"status-publish","4":"has-post-thumbnail","6":"product_cat-all-products","7":"product_cat-cacao-mill","9":"first","10":"instock","11":"taxable","12":"shipping-taxable","13":"purchasable","14":"product-type-simple"},"_links":{"self":[{"href":"https:\/\/candeebaar.ee\/lv\/wp-json\/wp\/v2\/product\/5982","targetHints":{"allow":["GET"]}}],"collection":[{"href":"https:\/\/candeebaar.ee\/lv\/wp-json\/wp\/v2\/product"}],"about":[{"href":"https:\/\/candeebaar.ee\/lv\/wp-json\/wp\/v2\/types\/product"}],"version-history":[{"count":3,"href":"https:\/\/candeebaar.ee\/lv\/wp-json\/wp\/v2\/product\/5982\/revisions"}],"predecessor-version":[{"id":13297,"href":"https:\/\/candeebaar.ee\/lv\/wp-json\/wp\/v2\/product\/5982\/revisions\/13297"}],"wp:featuredmedia":[{"embeddable":true,"href":"https:\/\/candeebaar.ee\/lv\/wp-json\/wp\/v2\/media\/5981"}],"wp:attachment":[{"href":"https:\/\/candeebaar.ee\/lv\/wp-json\/wp\/v2\/media?parent=5982"}],"wp:term":[{"taxonomy":"product_brand","embeddable":true,"href":"https:\/\/candeebaar.ee\/lv\/wp-json\/wp\/v2\/product_brand?post=5982"},{"taxonomy":"product_cat","embeddable":true,"href":"https:\/\/candeebaar.ee\/lv\/wp-json\/wp\/v2\/product_cat?post=5982"},{"taxonomy":"product_tag","embeddable":true,"href":"https:\/\/candeebaar.ee\/lv\/wp-json\/wp\/v2\/product_tag?post=5982"}],"curies":[{"name":"wp","href":"https:\/\/api.w.org\/{rel}","templated":true}]}}