{"id":5984,"date":"2024-12-31T20:11:29","date_gmt":"2024-12-31T20:11:29","guid":{"rendered":"https:\/\/storetest.ivi.ee\/product\/invert-syrup-sosa-1400g\/"},"modified":"2025-07-17T08:08:20","modified_gmt":"2025-07-17T06:08:20","slug":"invertsirups-sosa-1400g","status":"publish","type":"product","link":"https:\/\/candeebaar.ee\/lv\/veikals\/invertsirups-sosa-1400g\/","title":{"rendered":"Inverts\u012brups Sosa 1400g"},"content":{"rendered":"<div class=\"tab-content\">\n<div id=\"desc\" class=\"tab-pane active\" role=\"tabpanel\">\n<div id=\"product-full-desc\" class=\"user-inner\" data-ng-non-bindable=\"\">\n<p style=\"padding-left: 30px;\">Sast\u0101vs: invertcukura s\u012brups.<br \/>\nNeto svars: 1400g.<br \/>\nRa\u017eot\u0101js: Sosa Sp\u0101nija<\/p>\n<\/div>\n<\/div>\n<\/div>","protected":false},"excerpt":{"rendered":"<p>Sast\u0101vs: invertcukura s\u012brups. Neto svars: 1400g. Ra\u017eot\u0101js: Sosa Sp\u0101nija<\/p>","protected":false},"featured_media":5986,"template":"","meta":{"_seopress_robots_primary_cat":"none","_seopress_titles_title":"","_seopress_titles_desc":"","_seopress_robots_index":""},"product_brand":[],"product_cat":[15],"product_tag":[],"class_list":{"0":"post-5984","1":"product","2":"type-product","3":"status-publish","4":"has-post-thumbnail","6":"product_cat-all-products","8":"first","9":"outofstock","10":"taxable","11":"shipping-taxable","12":"purchasable","13":"product-type-simple"},"_links":{"self":[{"href":"https:\/\/candeebaar.ee\/lv\/wp-json\/wp\/v2\/product\/5984","targetHints":{"allow":["GET"]}}],"collection":[{"href":"https:\/\/candeebaar.ee\/lv\/wp-json\/wp\/v2\/product"}],"about":[{"href":"https:\/\/candeebaar.ee\/lv\/wp-json\/wp\/v2\/types\/product"}],"version-history":[{"count":2,"href":"https:\/\/candeebaar.ee\/lv\/wp-json\/wp\/v2\/product\/5984\/revisions"}],"predecessor-version":[{"id":12082,"href":"https:\/\/candeebaar.ee\/lv\/wp-json\/wp\/v2\/product\/5984\/revisions\/12082"}],"wp:featuredmedia":[{"embeddable":true,"href":"https:\/\/candeebaar.ee\/lv\/wp-json\/wp\/v2\/media\/5986"}],"wp:attachment":[{"href":"https:\/\/candeebaar.ee\/lv\/wp-json\/wp\/v2\/media?parent=5984"}],"wp:term":[{"taxonomy":"product_brand","embeddable":true,"href":"https:\/\/candeebaar.ee\/lv\/wp-json\/wp\/v2\/product_brand?post=5984"},{"taxonomy":"product_cat","embeddable":true,"href":"https:\/\/candeebaar.ee\/lv\/wp-json\/wp\/v2\/product_cat?post=5984"},{"taxonomy":"product_tag","embeddable":true,"href":"https:\/\/candeebaar.ee\/lv\/wp-json\/wp\/v2\/product_tag?post=5984"}],"curies":[{"name":"wp","href":"https:\/\/api.w.org\/{rel}","templated":true}]}}